{"id":29829,"date":"2023-10-30T16:46:40","date_gmt":"2023-10-30T15:46:40","guid":{"rendered":"https:\/\/ecole-peg.ch\/?page_id=29829"},"modified":"2025-06-30T14:57:01","modified_gmt":"2025-06-30T12:57:01","slug":"clases-nocturnas","status":"publish","type":"page","link":"https:\/\/ecole-peg.ch\/es\/cursos\/clases-nocturnas\/","title":{"rendered":"CLASES NOCTURNAS"},"content":{"rendered":"<p>[et_pb_section fb_built=\u00bb1&#8243; fullwidth=\u00bbon\u00bb _builder_version=\u00bb4.22.2&#8243; _module_preset=\u00bbdefault\u00bb global_colors_info=\u00bb{}\u00bb][et_pb_fullwidth_header title=\u00bbCLASES NOCTURNAS\u00bb _builder_version=\u00bb4.23&#8243; _module_preset=\u00bbdefault\u00bb title_font=\u00bb|600||on|||||\u00bb title_text_align=\u00bbcenter\u00bb title_text_color=\u00bb#E85342&#8243; use_background_color_gradient=\u00bbon\u00bb background_color_gradient_stops=\u00bbrgba(0,0,0,0.48) 0%|rgba(0,0,0,0.51) 100%\u00bb background_color_gradient_overlays_image=\u00bbon\u00bb background_image=\u00bbhttps:\/\/ecole-peg.ch\/wp-content\/uploads\/2023\/10\/breadcrumbs.jpg\u00bb custom_padding=\u00bb100px||100px||false|false\u00bb global_colors_info=\u00bb{}\u00bb][\/et_pb_fullwidth_header][\/et_pb_section][et_pb_section fb_built=\u00bb1&#8243; _builder_version=\u00bb4.22.2&#8243; _module_preset=\u00bbdefault\u00bb global_colors_info=\u00bb{}\u00bb][et_pb_row _builder_version=\u00bb4.27.4&#8243; _module_preset=\u00bbdefault\u00bb column_structure=\u00bb1_2,1_2&#8243;][et_pb_column _builder_version=\u00bb4.27.4&#8243; _module_preset=\u00bbdefault\u00bb type=\u00bb1_2&#8243;][et_pb_blurb title=\u00bbCurso semi-intensivo A1&#8243; image=\u00bbhttps:\/\/ecole-peg.ch\/wp-content\/uploads\/2019\/07\/image_cours_semi_intensif.jpg\u00bb _builder_version=\u00bb4.27.4&#8243; _module_preset=\u00bbdefault\u00bb title_text=\u00bbimage_cours_semi_intensif\u00bb link_option_url=\u00bbhttps:\/\/ecole-peg.ch\/es\/frances-general-curso-semi-intensivo-a1-principiantes\/\u00bb text_orientation=\u00bbcenter\u00bb header_level=\u00bbh3&#8243; box_shadow_style=\u00bbpreset1&#8243; hover_enabled=\u00bb0&#8243; sticky_enabled=\u00bb0&#8243;]<\/p>\n<h5 class=\"entry-title\"><strong>PRINCIPIANTES<\/strong><\/h5>\n<p class=\"entry-title\">FRANC\u00c9S GENERAL<\/p>\n<p>Desarrollo de las 4 competencias seg\u00fan el Marco Europeo de Referencia para las Lenguas (MCER) : Comprensi\u00f3n oral, comprensi\u00f3n escrita, producci\u00f3n escrita y producci\u00f3n oral.<\/p>\n<p><span>Primeros pasos para comunicarse en franc\u00e9s.<\/span><\/p>\n<p><span><\/span><\/p>\n<p>[\/et_pb_blurb][\/et_pb_column][et_pb_column _builder_version=\u00bb4.27.4&#8243; _module_preset=\u00bbdefault\u00bb type=\u00bb1_2&#8243;][et_pb_blurb title=\u00bbCurso semi-intensivo A2 &#8211; B1&#8243; image=\u00bbhttps:\/\/ecole-peg.ch\/wp-content\/uploads\/2025\/06\/curso-frances-a2-b1-fide-delf-jason-goodman-unsplash-Copie.jpg\u00bb _builder_version=\u00bb4.27.4&#8243; _module_preset=\u00bbdefault\u00bb title_text=\u00bbcurso-frances-a2-b1-fide-delf-jason-goodman-unsplash &#8211; Copie\u00bb link_option_url=\u00bbhttps:\/\/ecole-peg.ch\/es\/frances-general-curso-semi-intensivo-a2-b1\/\u00bb text_orientation=\u00bbcenter\u00bb header_level=\u00bbh3&#8243; box_shadow_style=\u00bbpreset1&#8243; hover_enabled=\u00bb0&#8243; sticky_enabled=\u00bb0&#8243;]<\/p>\n<h5 class=\"entry-title\"><\/h5>\n<h5 class=\"entry-title\">FRANC\u00c9S GENERAL<\/h5>\n<p>Desarrollo de las 4 competencias seg\u00fan el Marco Europeo de Referencia para las Lenguas (MCER) : Comprensi\u00f3n oral, comprensi\u00f3n escrita, producci\u00f3n escrita y producci\u00f3n oral.<\/p>\n<p><span>Pr\u00e9paration para el ex\u00e1men FIDE (naturalizaci\u00f3n).<\/span><\/p>\n<p><span><\/span><\/p>\n<p>[\/et_pb_blurb][\/et_pb_column][\/et_pb_row][et_pb_row _builder_version=\u00bb4.27.4&#8243; _module_preset=\u00bbdefault\u00bb column_structure=\u00bb1_2,1_2&#8243;][et_pb_column _builder_version=\u00bb4.27.4&#8243; _module_preset=\u00bbdefault\u00bb type=\u00bb1_2&#8243;][et_pb_blurb title=\u00bbFranc\u00e9s integraci\u00f3n\u00bb image=\u00bbhttps:\/\/ecole-peg.ch\/wp-content\/uploads\/2019\/07\/image_cours_pratique.jpg\u00bb _builder_version=\u00bb4.27.4&#8243; _module_preset=\u00bbdefault\u00bb title_text=\u00bbimage_cours_pratique\u00bb link_option_url=\u00bbhttps:\/\/ecole-peg.ch\/es\/frances-integracion\/\u00bb text_orientation=\u00bbcenter\u00bb header_level=\u00bbh3&#8243; box_shadow_style=\u00bbpreset1&#8243; hover_enabled=\u00bb0&#8243; sticky_enabled=\u00bb0&#8243;]<\/p>\n<h5 class=\"entry-title\"><strong><\/strong><\/h5>\n<h5 class=\"entry-title\"><strong>FIDE PREPARACI\u00d3N <\/strong><\/h5>\n<h5 class=\"entry-title\"><span>Para el permiso C<\/span><\/h5>\n<p><span>Permitir que los alumnos se comuniquen r\u00e1pidamente en su vida\u00a0 cuotidiana, entiendan y se hagan entender.<\/span><\/p>\n<p><span>Con el CAF, es gratis !<\/span><\/p>\n<p><span><\/span><\/p>\n<p>[\/et_pb_blurb][\/et_pb_column][et_pb_column _builder_version=\u00bb4.27.4&#8243; _module_preset=\u00bbdefault\u00bb type=\u00bb1_2&#8243;][et_pb_blurb title=\u00bbFranc\u00e9s para los profesionales de la salud\u00bb image=\u00bbhttps:\/\/ecole-peg.ch\/wp-content\/uploads\/2019\/07\/medical-563427_1920.jpg\u00bb _builder_version=\u00bb4.27.4&#8243; _module_preset=\u00bbdefault\u00bb title_text=\u00bbmedical-563427_1920&#8243; link_option_url=\u00bbhttps:\/\/ecole-peg.ch\/es\/frances-para-los-profesionales-de-la-salud\/\u00bb text_orientation=\u00bbcenter\u00bb header_level=\u00bbh3&#8243; box_shadow_style=\u00bbpreset1&#8243; hover_enabled=\u00bb0&#8243; sticky_enabled=\u00bb0&#8243;]<\/p>\n<p class=\"entry-title\"><span>Este curso est\u00e1 dirigido a profesionales sanitarios extranjeros (m\u00e9dicos, enfermeros, personal hospitalario, etc.) que trabajen o tengan previsto trabajar en la Suiza franc\u00f3fona.<\/span><\/p>\n<p>Ense\u00f1ar al cuidador extranjero a entender y comunicarse con el paciente.<\/p>\n<p>Ayudar el profesional de la salud extranjero a dialogar con el equipo m\u00e9dico franc\u00f3fono.<\/p>\n<p><span><\/span><\/p>\n<p>[\/et_pb_blurb][\/et_pb_column][\/et_pb_row][et_pb_row _builder_version=\u00bb4.27.4&#8243; _module_preset=\u00bbdefault\u00bb column_structure=\u00bb1_2,1_2&#8243;][et_pb_column _builder_version=\u00bb4.27.4&#8243; _module_preset=\u00bbdefault\u00bb type=\u00bb1_2&#8243;][et_pb_blurb title=\u00bbCurso semi-intensivo A0&#8243; image=\u00bbhttps:\/\/ecole-peg.ch\/wp-content\/uploads\/2019\/07\/image_cours_semi_intensif.jpg\u00bb _builder_version=\u00bb4.27.4&#8243; _module_preset=\u00bbdefault\u00bb title_text=\u00bbimage_cours_semi_intensif\u00bb link_option_url=\u00bbhttps:\/\/ecole-peg.ch\/es\/frances-general-curso-semi-intensivo-a0-grandes-principiantes\/\u00bb text_orientation=\u00bbcenter\u00bb header_level=\u00bbh3&#8243; box_shadow_style=\u00bbpreset1&#8243; hover_enabled=\u00bb0&#8243; sticky_enabled=\u00bb0&#8243;]<\/p>\n<h5 class=\"entry-title\"><strong>Con bajo nivel de lecto escritura.<\/strong><\/h5>\n<p class=\"entry-title\">FRANC\u00c9S GENERAL<\/p>\n<p>Desarrollo de las 4 competencias seg\u00fan el Marco Europeo de Referencia para las Lenguas (MCER) : Comprensi\u00f3n oral, comprensi\u00f3n escrita, producci\u00f3n escrita y producci\u00f3n oral.<\/p>\n<p>Objetivos de aprendizaje:\u00a0<span>familiarizarse con el franc\u00e9s.<\/span><\/p>\n<p><span><\/span><\/p>\n<p>[\/et_pb_blurb][\/et_pb_column][et_pb_column _builder_version=\u00bb4.27.4&#8243; _module_preset=\u00bbdefault\u00bb type=\u00bb1_2&#8243;][\/et_pb_column][\/et_pb_row][\/et_pb_section]<\/p>\n","protected":false},"excerpt":{"rendered":"<p>PRINCIPIANTES FRANC\u00c9S GENERAL Desarrollo de las 4 competencias seg\u00fan el Marco Europeo de Referencia para las Lenguas (MCER) : Comprensi\u00f3n oral, comprensi\u00f3n escrita, producci\u00f3n escrita y producci\u00f3n oral. Primeros pasos para comunicarse en franc\u00e9s. FRANC\u00c9S GENERAL Desarrollo de las 4 competencias seg\u00fan el Marco Europeo de Referencia para las Lenguas (MCER) : Comprensi\u00f3n oral, comprensi\u00f3n [&hellip;]<\/p>\n","protected":false},"author":1,"featured_media":0,"parent":29692,"menu_order":33,"comment_status":"closed","ping_status":"closed","template":"","meta":{"_et_pb_use_builder":"on","_et_pb_old_content":"[et_pb_section fb_built=\"1\" fullwidth=\"on\" _builder_version=\"4.22.2\" _module_preset=\"default\" global_colors_info=\"{}\"][et_pb_fullwidth_header title=\"EVENING CLASSES\" _builder_version=\"4.23\" _module_preset=\"default\" title_font=\"|600||on|||||\" title_text_align=\"center\" title_text_color=\"#E85342\" use_background_color_gradient=\"on\" background_color_gradient_stops=\"rgba(0,0,0,0.48) 0%|rgba(0,0,0,0.51) 100%\" background_color_gradient_overlays_image=\"on\" background_image=\"https:\/\/ecole-peg.ch\/wp-content\/uploads\/2023\/10\/breadcrumbs.jpg\" custom_padding=\"100px||100px||false|false\" hover_enabled=\"0\" global_colors_info=\"{}\" sticky_enabled=\"0\"][\/et_pb_fullwidth_header][\/et_pb_section][et_pb_section fb_built=\"1\" _builder_version=\"4.22.2\" _module_preset=\"default\" global_colors_info=\"{}\"][et_pb_row _builder_version=\"4.22.2\" _module_preset=\"default\" global_colors_info=\"{}\"][et_pb_column type=\"4_4\" _builder_version=\"4.22.2\" _module_preset=\"default\" global_colors_info=\"{}\"][et_pb_blog fullwidth=\"off\" include_categories=\"90\" show_author=\"off\" show_date=\"off\" show_categories=\"off\" _builder_version=\"4.23\" _module_preset=\"default\" global_colors_info=\"{}\"][\/et_pb_blog][\/et_pb_column][\/et_pb_row][\/et_pb_section]","_et_gb_content_width":"","footnotes":""},"class_list":["post-29829","page","type-page","status-publish","hentry"],"_links":{"self":[{"href":"https:\/\/ecole-peg.ch\/es\/wp-json\/wp\/v2\/pages\/29829","targetHints":{"allow":["GET"]}}],"collection":[{"href":"https:\/\/ecole-peg.ch\/es\/wp-json\/wp\/v2\/pages"}],"about":[{"href":"https:\/\/ecole-peg.ch\/es\/wp-json\/wp\/v2\/types\/page"}],"author":[{"embeddable":true,"href":"https:\/\/ecole-peg.ch\/es\/wp-json\/wp\/v2\/users\/1"}],"replies":[{"embeddable":true,"href":"https:\/\/ecole-peg.ch\/es\/wp-json\/wp\/v2\/comments?post=29829"}],"version-history":[{"count":1,"href":"https:\/\/ecole-peg.ch\/es\/wp-json\/wp\/v2\/pages\/29829\/revisions"}],"predecessor-version":[{"id":31754,"href":"https:\/\/ecole-peg.ch\/es\/wp-json\/wp\/v2\/pages\/29829\/revisions\/31754"}],"up":[{"embeddable":true,"href":"https:\/\/ecole-peg.ch\/es\/wp-json\/wp\/v2\/pages\/29692"}],"wp:attachment":[{"href":"https:\/\/ecole-peg.ch\/es\/wp-json\/wp\/v2\/media?parent=29829"}],"curies":[{"name":"wp","href":"https:\/\/api.w.org\/{rel}","templated":true}]}}