{"id":29813,"date":"2023-10-30T16:44:05","date_gmt":"2023-10-30T15:44:05","guid":{"rendered":"https:\/\/ecole-peg.ch\/?page_id=29813"},"modified":"2025-06-27T14:28:26","modified_gmt":"2025-06-27T12:28:26","slug":"cursos-diurnos","status":"publish","type":"page","link":"https:\/\/ecole-peg.ch\/es\/cursos\/cursos-diurnos\/","title":{"rendered":"CURSOS DIURNOS"},"content":{"rendered":"<p>[et_pb_section fb_built=\u00bb1&#8243; fullwidth=\u00bbon\u00bb _builder_version=\u00bb4.22.2&#8243; _module_preset=\u00bbdefault\u00bb global_colors_info=\u00bb{}\u00bb][et_pb_fullwidth_header title=\u00bbCURSOS DIURNOS\u00bb _builder_version=\u00bb4.23&#8243; _module_preset=\u00bbdefault\u00bb title_font=\u00bb|600||on|||||\u00bb title_text_align=\u00bbcenter\u00bb title_text_color=\u00bb#E85342&#8243; use_background_color_gradient=\u00bbon\u00bb background_color_gradient_stops=\u00bbrgba(0,0,0,0.48) 0%|rgba(0,0,0,0.51) 100%\u00bb background_color_gradient_overlays_image=\u00bbon\u00bb background_image=\u00bbhttps:\/\/ecole-peg.ch\/wp-content\/uploads\/2023\/10\/breadcrumbs.jpg\u00bb custom_padding=\u00bb100px||100px||false|false\u00bb global_colors_info=\u00bb{}\u00bb][\/et_pb_fullwidth_header][\/et_pb_section][et_pb_section fb_built=\u00bb1&#8243; _builder_version=\u00bb4.22.2&#8243; _module_preset=\u00bbdefault\u00bb global_colors_info=\u00bb{}\u00bb][et_pb_row _builder_version=\u00bb4.27.4&#8243; _module_preset=\u00bbdefault\u00bb column_structure=\u00bb1_2,1_2&#8243;][et_pb_column _builder_version=\u00bb4.27.4&#8243; _module_preset=\u00bbdefault\u00bb type=\u00bb1_2&#8243;][et_pb_blurb title=\u00bbCursos intensivos A1 \u2013 B2&#8243; image=\u00bbhttps:\/\/ecole-peg.ch\/wp-content\/uploads\/2023\/10\/image_cours_intensif-e1750428551251.jpg\u00bb _builder_version=\u00bb4.27.4&#8243; _module_preset=\u00bbdefault\u00bb title_text=\u00bbimage_cours_intensif\u00bb hover_enabled=\u00bb0&#8243; sticky_enabled=\u00bb0&#8243; link_option_url=\u00bbhttps:\/\/ecole-peg.ch\/es\/frances-general-curso-intensivo\/\u00bb text_orientation=\u00bbcenter\u00bb header_level=\u00bbh3&#8243; body_font_size=\u00bb15px\u00bb box_shadow_style=\u00bbpreset1&#8243;]<\/p>\n<div class=\"et_pb_toggle_content clearfix\">\n<p>FRANC<span>\u00c9S GENERAL<\/span><\/p>\n<p><strong>PREPARACI\u00d3N PARA EL DELF<\/strong><\/p>\n<p>Desarrollo de las 4 competencias del MCER: comprensi\u00f3n oral, comprensi\u00f3n escrita, producci\u00f3n escrita y producci\u00f3n oral.<\/p>\n<p>Las actividades se centran en la fon\u00e9tica, el vocabulario, la gram\u00e1tica, la ortograf\u00eda y la conjugaci\u00f3n.<\/p>\n<p>&nbsp;<\/p>\n<\/div>\n<p>[\/et_pb_blurb][\/et_pb_column][et_pb_column _builder_version=\u00bb4.27.4&#8243; _module_preset=\u00bbdefault\u00bb type=\u00bb1_2&#8243;][et_pb_blurb title=\u00bbCurso semi-intensivo C1&#8243; image=\u00bbhttps:\/\/ecole-peg.ch\/wp-content\/uploads\/2025\/06\/curso-frances-c1-perfeccionar-tu-frances-mimi-thian-unsplash.jpg\u00bb _builder_version=\u00bb4.27.4&#8243; _module_preset=\u00bbdefault\u00bb link_option_url=\u00bbhttps:\/\/ecole-peg.ch\/es\/frances-general-curso-semi-intensivo-c1\/\u00bb title_text=\u00bbcurso-franc\u00e9s-c1-perfeccionar-tu-franc\u00e9s-mimi-thian-unsplash\u00bb text_orientation=\u00bbcenter\u00bb header_level=\u00bbh3&#8243; body_font_size=\u00bb15px\u00bb box_shadow_style=\u00bbpreset1&#8243; hover_enabled=\u00bb0&#8243; sticky_enabled=\u00bb0&#8243;]<\/p>\n<div class=\"et_pb_toggle_content clearfix\">\n<p>FRANC<span>\u00c9S GENERAL<\/span><\/p>\n<p><strong>PREPARACI\u00d3N PARA EL DALF<\/strong><\/p>\n<p>Desarrollo de las 4 competencias seg\u00fan el Marco Europeo de Referencia para las Lenguas (MCER).<br \/>Estudiar documentos aut\u00e9nticos, como art\u00edculos de prensa, textos literarios y recursos de Internet sobre temas de actualidad.<\/p>\n<p>&nbsp;<\/p>\n<\/div>\n<p>[\/et_pb_blurb][\/et_pb_column][\/et_pb_row][\/et_pb_section]<\/p>\n","protected":false},"excerpt":{"rendered":"<p>FRANC\u00c9S GENERAL PREPARACI\u00d3N PARA EL DELF Desarrollo de las 4 competencias del MCER: comprensi\u00f3n oral, comprensi\u00f3n escrita, producci\u00f3n escrita y producci\u00f3n oral. Las actividades se centran en la fon\u00e9tica, el vocabulario, la gram\u00e1tica, la ortograf\u00eda y la conjugaci\u00f3n. &nbsp; FRANC\u00c9S GENERAL PREPARACI\u00d3N PARA EL DALF Desarrollo de las 4 competencias seg\u00fan el Marco Europeo de [&hellip;]<\/p>\n","protected":false},"author":1,"featured_media":0,"parent":29692,"menu_order":0,"comment_status":"closed","ping_status":"closed","template":"","meta":{"_et_pb_use_builder":"on","_et_pb_old_content":"[et_pb_section fb_built=\"1\" fullwidth=\"on\" _builder_version=\"4.22.2\" _module_preset=\"default\" global_colors_info=\"{}\"][et_pb_fullwidth_header title=\"DAY CLASSES\" _builder_version=\"4.23\" _module_preset=\"default\" title_font=\"|600||on|||||\" title_text_align=\"center\" title_text_color=\"#E85342\" use_background_color_gradient=\"on\" background_color_gradient_stops=\"rgba(0,0,0,0.48) 0%|rgba(0,0,0,0.51) 100%\" background_color_gradient_overlays_image=\"on\" background_image=\"https:\/\/ecole-peg.ch\/wp-content\/uploads\/2023\/10\/breadcrumbs.jpg\" custom_padding=\"100px||100px||false|false\" hover_enabled=\"0\" global_colors_info=\"{}\" sticky_enabled=\"0\"][\/et_pb_fullwidth_header][\/et_pb_section][et_pb_section fb_built=\"1\" _builder_version=\"4.22.2\" _module_preset=\"default\" global_colors_info=\"{}\"][et_pb_row _builder_version=\"4.22.2\" _module_preset=\"default\" global_colors_info=\"{}\"][et_pb_column type=\"4_4\" _builder_version=\"4.22.2\" _module_preset=\"default\" global_colors_info=\"{}\"][et_pb_blog fullwidth=\"off\" include_categories=\"89\" show_author=\"off\" show_date=\"off\" show_categories=\"off\" _builder_version=\"4.23\" _module_preset=\"default\" global_colors_info=\"{}\"][\/et_pb_blog][\/et_pb_column][\/et_pb_row][\/et_pb_section]","_et_gb_content_width":"","footnotes":""},"class_list":["post-29813","page","type-page","status-publish","hentry"],"_links":{"self":[{"href":"https:\/\/ecole-peg.ch\/es\/wp-json\/wp\/v2\/pages\/29813","targetHints":{"allow":["GET"]}}],"collection":[{"href":"https:\/\/ecole-peg.ch\/es\/wp-json\/wp\/v2\/pages"}],"about":[{"href":"https:\/\/ecole-peg.ch\/es\/wp-json\/wp\/v2\/types\/page"}],"author":[{"embeddable":true,"href":"https:\/\/ecole-peg.ch\/es\/wp-json\/wp\/v2\/users\/1"}],"replies":[{"embeddable":true,"href":"https:\/\/ecole-peg.ch\/es\/wp-json\/wp\/v2\/comments?post=29813"}],"version-history":[{"count":1,"href":"https:\/\/ecole-peg.ch\/es\/wp-json\/wp\/v2\/pages\/29813\/revisions"}],"predecessor-version":[{"id":31668,"href":"https:\/\/ecole-peg.ch\/es\/wp-json\/wp\/v2\/pages\/29813\/revisions\/31668"}],"up":[{"embeddable":true,"href":"https:\/\/ecole-peg.ch\/es\/wp-json\/wp\/v2\/pages\/29692"}],"wp:attachment":[{"href":"https:\/\/ecole-peg.ch\/es\/wp-json\/wp\/v2\/media?parent=29813"}],"curies":[{"name":"wp","href":"https:\/\/api.w.org\/{rel}","templated":true}]}}