{"id":29714,"date":"2023-10-13T18:41:29","date_gmt":"2023-10-13T16:41:29","guid":{"rendered":"https:\/\/ecole-peg.ch\/?page_id=29714"},"modified":"2026-02-11T12:00:10","modified_gmt":"2026-02-11T11:00:10","slug":"precios","status":"publish","type":"page","link":"https:\/\/ecole-peg.ch\/es\/precios\/","title":{"rendered":"PRECIOS"},"content":{"rendered":"<p>[et_pb_section fb_built=\u00bb1&#8243; fullwidth=\u00bbon\u00bb _builder_version=\u00bb4.22.2&#8243; _module_preset=\u00bbdefault\u00bb global_colors_info=\u00bb{}\u00bb][et_pb_fullwidth_header title=\u00bbPRECIOS\u00bb _builder_version=\u00bb4.23&#8243; _module_preset=\u00bbdefault\u00bb title_font=\u00bb|600||on|||||\u00bb title_text_align=\u00bbcenter\u00bb title_text_color=\u00bb#E85342&#8243; use_background_color_gradient=\u00bbon\u00bb background_color_gradient_stops=\u00bbrgba(0,0,0,0.48) 0%|rgba(0,0,0,0.51) 100%\u00bb background_color_gradient_overlays_image=\u00bbon\u00bb background_image=\u00bbhttps:\/\/ecole-peg.ch\/wp-content\/uploads\/2023\/10\/breadcrumbs.jpg\u00bb custom_padding=\u00bb100px||100px||false|false\u00bb global_colors_info=\u00bb{}\u00bb][\/et_pb_fullwidth_header][\/et_pb_section][et_pb_section fb_built=\u00bb1&#8243; _builder_version=\u00bb4.22.2&#8243; _module_preset=\u00bbdefault\u00bb global_colors_info=\u00bb{}\u00bb][et_pb_row _builder_version=\u00bb4.22.2&#8243; _module_preset=\u00bbdefault\u00bb global_colors_info=\u00bb{}\u00bb][et_pb_column type=\u00bb4_4&#8243; _builder_version=\u00bb4.22.2&#8243; _module_preset=\u00bbdefault\u00bb global_colors_info=\u00bb{}\u00bb][et_pb_icon font_icon=\u00bb&#xe06b;||divi||400&#8243; icon_color=\u00bb#0C87C4&#8243; _builder_version=\u00bb4.22.2&#8243; _module_preset=\u00bbdefault\u00bb animation_style=\u00bbfade\u00bb global_colors_info=\u00bb{}\u00bb][\/et_pb_icon][et_pb_text _builder_version=\u00bb4.23&#8243; _module_preset=\u00bbdefault\u00bb header_2_font=\u00bb|600|||||||\u00bb header_2_text_align=\u00bbcenter\u00bb header_2_text_color=\u00bb#E85342&#8243; header_2_font_size=\u00bb48px\u00bb global_colors_info=\u00bb{}\u00bb]<\/p>\n<h2 class=\"accent1\">FRANC\u00c9S GENERAL &#8211; CURSOS INTENSIVOS<\/h2>\n<p>[\/et_pb_text][et_pb_text _builder_version=\u00bb4.27.5&#8243; _module_preset=\u00bbdefault\u00bb hover_enabled=\u00bb0&#8243; inline_fonts=\u00bbGeorgia\u00bb global_colors_info=\u00bb{}\u00bb sticky_enabled=\u00bb0&#8243;]<\/p>\n<div class=\"col-xs-12\">\n<p>&nbsp;<\/p>\n<table>\n<tbody>\n<tr style=\"background-color: #cccccc;\">\n<td><b>Nivel<\/b><\/td>\n<td><b>Precio al mes*<\/b><\/td>\n<td><b>Codigo CAF<\/b><\/td>\n<td><b>Pr\u00f3xima sesi\u00f3n<\/b><\/td>\n<\/tr>\n<tr>\n<td>\n<p><strong>A1<br \/><\/strong>Principiantes<strong><br \/><\/strong><\/p>\n<p>(15 horas por semana &#8211; 8 semanas***)<\/p>\n<\/td>\n<td>\n<p>CHF 700.-<\/p>\n<p><a href=\"https:\/\/www.ge.ch\/beneficier-cheque-annuel-formation\">CAF : hasta CHF 700<br \/>BPA**<\/a><\/p>\n<\/td>\n<td>4227<\/td>\n<td>\n<p>20 de abril 2026<\/p>\n<p>(<a href=\"https:\/\/ecole-peg.ch\/es\/preinscription\/\">inscripciones abiertas<\/a>)<\/p>\n<\/td>\n<\/tr>\n<tr>\n<td>\n<p><strong>A2<\/strong><\/p>\n<p>(15 horas por semana &#8211; 12 semanas***)<\/p>\n<\/td>\n<td>\n<p>CHF 700.<\/p>\n<p><a href=\"https:\/\/www.ge.ch\/beneficier-cheque-annuel-formation\">CAF : hasta CHF 700<br \/>BPA**<\/a><\/p>\n<\/td>\n<td>4227<\/td>\n<td>\n<p>16 de marzo 2026<\/p>\n<p>(<a href=\"https:\/\/ecole-peg.ch\/es\/preinscription\/\">inscripciones abiertas<\/a>)<\/p>\n<\/td>\n<\/tr>\n<tr>\n<td>\n<p><strong>B1<\/strong><\/p>\n<p>(15 horas por semana \u2013 12 semanas***)<\/p>\n<\/td>\n<td>\n<p>CHF 700.-<\/p>\n<p><a href=\"https:\/\/www.ge.ch\/beneficier-cheque-annuel-formation\">CAF : hasta CHF 700<\/a><\/p>\n<\/td>\n<td>4227<\/td>\n<td>\n<p>9 de febrero 2026<\/p>\n<p>(<a href=\"https:\/\/ecole-peg.ch\/es\/preinscription\/\">inscripciones abiertas<\/a>)<\/p>\n<\/td>\n<\/tr>\n<tr>\n<td><strong>B2<\/strong><br \/>(15 horas por semana \u2013 16 semanas***)<\/td>\n<td>\n<p>CHF 700.-<\/p>\n<p><a href=\"https:\/\/www.ge.ch\/beneficier-cheque-annuel-formation\">CAF : hasta CHF 700<\/a><\/p>\n<\/td>\n<td>4227<\/td>\n<td>\n<p>2 de marzo 2026<\/p>\n<p>(<a href=\"https:\/\/ecole-peg.ch\/es\/preinscription\/\">inscripciones abiertas<\/a>)<\/p>\n<\/td>\n<\/tr>\n<\/tbody>\n<\/table>\n<p>*Paquetes disponibles para los pagos por nivel : <span style=\"color: #e85342;\"><strong>&#8211; 5 a 10%<\/strong><\/span><br \/>** \u00abBons de formation pour primo-arrivants\u00bb <span>(Cupones de formaci\u00f3n para los reci\u00e9n llegados)<\/span><br \/>***20 horas por semana para titulares de visa\/permiso de estudiante<\/p>\n<\/div>\n<p>[\/et_pb_text][\/et_pb_column][\/et_pb_row][et_pb_row _builder_version=\u00bb4.22.2&#8243; _module_preset=\u00bbdefault\u00bb global_colors_info=\u00bb{}\u00bb][et_pb_column type=\u00bb4_4&#8243; _builder_version=\u00bb4.22.2&#8243; _module_preset=\u00bbdefault\u00bb global_colors_info=\u00bb{}\u00bb][et_pb_icon font_icon=\u00bb&#xf044;||fa||400&#8243; icon_color=\u00bb#34C663&#8243; _builder_version=\u00bb4.22.2&#8243; _module_preset=\u00bbdefault\u00bb animation_style=\u00bbfade\u00bb global_colors_info=\u00bb{}\u00bb][\/et_pb_icon][et_pb_text _builder_version=\u00bb4.23&#8243; _module_preset=\u00bbdefault\u00bb header_2_font=\u00bb|600|||||||\u00bb header_2_text_align=\u00bbcenter\u00bb header_2_text_color=\u00bb#0C87C4&#8243; header_2_font_size=\u00bb48px\u00bb global_colors_info=\u00bb{}\u00bb]<\/p>\n<h2 class=\"accent1\">FRANC\u00c9S GENERAL &#8211; CURSOS SEMI-INTENSIVOS<\/h2>\n<p>[\/et_pb_text][et_pb_text _builder_version=\u00bb4.27.4&#8243; _module_preset=\u00bbdefault\u00bb global_colors_info=\u00bb{}\u00bb]<\/p>\n<p>&nbsp;<\/p>\n<table>\n<tbody>\n<tr style=\"background-color: #cccccc;\">\n<td><b>Nivel\u00a0<\/b><\/td>\n<td><b>Precio al mes*\u00a0<\/b><\/td>\n<td><b>Codigo CAF<\/b><\/td>\n<td><b>Pr\u00f3xima sesi\u00f3n<\/b><\/td>\n<\/tr>\n<tr>\n<td>\n<p><strong>C1<\/strong><\/p>\n<p>(6 horas por semana &#8211; 36 semanas)<\/p>\n<p>2 a 3 sesiones de 12 semanas<\/p>\n<\/td>\n<td>\n<p>CHF 900.-<br \/>(CHF 300.- \/mes)<\/p>\n<p><a href=\"https:\/\/www.ge.ch\/beneficier-cheque-annuel-formation\">CAF : CHF 750<\/a><\/p>\n<\/td>\n<td>3806<\/td>\n<td>\n<p>9 de febrero 2026<\/p>\n<p>(<a href=\"https:\/\/ecole-peg.ch\/es\/preinscription\/\">inscripciones abiertas<\/a>)<\/p>\n<\/td>\n<\/tr>\n<tr>\n<td><\/td>\n<td><\/td>\n<td><\/td>\n<td>\n<p>&nbsp;<\/p>\n<p>&nbsp;<\/p>\n<\/td>\n<\/tr>\n<\/tbody>\n<\/table>\n<table>\n<tbody>\n<tr style=\"background-color: #cccccc;\">\n<td><b>Nivel\u00a0<\/b><\/td>\n<td><b>Precio al mes*\u00a0<\/b><\/td>\n<td><b>Codigo CAF<\/b><\/td>\n<td><b>Pr\u00f3xima sesi\u00f3n<\/b><\/td>\n<\/tr>\n<tr>\n<td><b><strong>Semi-intensivo A0<br \/><\/strong><\/b>Con bajo nivel de lecto escritura<b><br \/><\/b>(4 horas por semana &#8211; 8 semanas)<\/td>\n<td>CHF 480<br \/><a href=\"https:\/\/www.ge.ch\/beneficier-cheque-annuel-formation\" target=\"_blank\" rel=\"noopener\">BPA**<\/a><\/td>\n<td><\/td>\n<td>\n<p>2026<\/p>\n<p>(<a href=\"https:\/\/ecole-peg.ch\/es\/preinscription\/\">inscripciones abiertas<\/a>)<span style=\"font-size: 14px;\">\u00a0<\/span><\/p>\n<p><span style=\"font-size: 14px;\"><\/span><\/p>\n<\/td>\n<\/tr>\n<tr>\n<td><b><strong>Semi-intensivo A1<br \/><\/strong><\/b>Principiantes<b><br \/><\/b>(4 horas por semana \u2013 10 semanas)<\/td>\n<td>CHF 600<br \/><a href=\"https:\/\/www.ge.ch\/beneficier-cheque-annuel-formation\" target=\"_blank\" rel=\"noopener\">BPA**<\/a><\/td>\n<td>3803<\/td>\n<td>\n<p>20 de abril 2026<\/p>\n<p>(<a href=\"https:\/\/ecole-peg.ch\/es\/preinscription\/\">inscripciones abiertas<\/a>)<span style=\"font-size: 14px;\">\u00a0<\/span><\/p>\n<p><span style=\"font-size: 14px;\"><\/span><\/p>\n<\/td>\n<\/tr>\n<tr>\n<td><b>Franc\u00e9s Integraci\u00f3n<\/b><span>\u00a0<\/span>: A1-<br \/>(6 horas por semana &#8211; 8 semanas)<br \/><b>(preparaci\u00f3n al examen Fide)<\/b><\/td>\n<td>\n<p>CHF 715<\/p>\n<p><a href=\"https:\/\/www.ge.ch\/beneficier-cheque-annuel-formation\" target=\"_blank\" rel=\"noopener\">CAF : CHF 715<\/a><\/p>\n<p><a href=\"https:\/\/www.ge.ch\/beneficier-cheque-annuel-formation\" target=\"_blank\" rel=\"noopener\">BPA**<\/a><\/p>\n<p>&nbsp;<\/p>\n<\/td>\n<td>3808<\/td>\n<td>\n<p>13 de abril 2026<\/p>\n<p>(<a href=\"https:\/\/ecole-peg.ch\/es\/preinscription\/\">inscripciones abiertas<\/a>)<span style=\"font-size: 14px;\">\u00a0<\/span><\/p>\n<\/td>\n<\/tr>\n<tr>\n<td><b>Franc\u00e9s para los profesionales de<br \/>la salud<\/b><span>\u00a0<\/span>: m\u00ednimo A2<br \/>(4 horas por semana &#8211; 12 semanas)<\/td>\n<td>CHF 960<br \/><a href=\"https:\/\/www.ge.ch\/beneficier-cheque-annuel-formation\">CAF\u00a0: CHF 500<\/a><\/td>\n<td>3807<\/td>\n<td>\n<p>10 de marzo 2026<\/p>\n<p>(<a href=\"https:\/\/ecole-peg.ch\/es\/preinscription\/\">inscripciones abiertas<\/a>)<span style=\"font-size: 14px;\">\u00a0<\/span><\/p>\n<\/td>\n<\/tr>\n<tr>\n<td>\n<p><b>Semi-intensivo<span>\u00a0<\/span><\/b><strong>A2 ou B1<\/strong><br \/>(6 horas por semana)<\/p>\n<p>&nbsp;<\/p>\n<p>2 sesiones de 12 semanas<\/p>\n<\/td>\n<td>\n<p>CHF 1050.-<br \/>(CHF 350.-\/mes)<\/p>\n<p><a href=\"https:\/\/www.ge.ch\/beneficier-cheque-annuel-formation\">CAF : CHF 700<br \/>A2 : BPA**<\/a><\/p>\n<\/td>\n<td>5250<\/td>\n<td>\n<p>A2 (a la mitad del nivel) : <br \/>20 de enero 2026<\/p>\n<p>(<a href=\"https:\/\/ecole-peg.ch\/es\/preinscription\/\">inscripciones abiertas<\/a>)<\/p>\n<p>B1 (a la mitad del nivel) : <br \/>13 de enero 2026<\/p>\n<p><span style=\"font-size: 14px;\">(<a href=\"https:\/\/ecole-peg.ch\/es\/preinscription\/\">inscripciones abiertas<\/a>)<\/span><span style=\"font-size: 14px;\">\u00a0<\/span><\/p>\n<\/td>\n<\/tr>\n<\/tbody>\n<\/table>\n<p>**\u00bbBons de formation pour primo-arrivants\u00bb <span>(Cupones de formaci\u00f3n para los reci\u00e9n llegados)<\/span><\/p>\n<p>[\/et_pb_text][\/et_pb_column][\/et_pb_row][\/et_pb_section]<\/p>\n","protected":false},"excerpt":{"rendered":"<p>FRANC\u00c9S GENERAL &#8211; CURSOS INTENSIVOS &nbsp; Nivel Precio al mes* Codigo CAF Pr\u00f3xima sesi\u00f3n A1Principiantes (15 horas por semana &#8211; 8 semanas***) CHF 700.- CAF : hasta CHF 700BPA** 4227 20 de abril 2026 (inscripciones abiertas) A2 (15 horas por semana &#8211; 12 semanas***) CHF 700. CAF : hasta CHF 700BPA** 4227 16 de marzo [&hellip;]<\/p>\n","protected":false},"author":1,"featured_media":0,"parent":0,"menu_order":77,"comment_status":"closed","ping_status":"closed","template":"","meta":{"_et_pb_use_builder":"on","_et_pb_old_content":"[et_pb_section fb_built=\"1\" fullwidth=\"on\" _builder_version=\"4.22.2\" _module_preset=\"default\" global_colors_info=\"{}\"][et_pb_fullwidth_header title=\"Tarifs\" _builder_version=\"4.23\" _module_preset=\"default\" title_font=\"|600||on|||||\" title_text_align=\"center\" title_text_color=\"#E85342\" use_background_color_gradient=\"on\" background_color_gradient_stops=\"rgba(0,0,0,0.48) 0%|rgba(0,0,0,0.51) 100%\" background_color_gradient_overlays_image=\"on\" background_image=\"https:\/\/ecole-peg.ch\/wp-content\/uploads\/2023\/10\/breadcrumbs.jpg\" custom_padding=\"100px||100px||false|false\" hover_enabled=\"0\" global_colors_info=\"{}\" sticky_enabled=\"0\"][\/et_pb_fullwidth_header][\/et_pb_section][et_pb_section fb_built=\"1\" _builder_version=\"4.22.2\" _module_preset=\"default\" global_colors_info=\"{}\"][et_pb_row _builder_version=\"4.22.2\" _module_preset=\"default\" global_colors_info=\"{}\"][et_pb_column type=\"4_4\" _builder_version=\"4.22.2\" _module_preset=\"default\" global_colors_info=\"{}\"][et_pb_icon font_icon=\"&#xe06b;||divi||400\" icon_color=\"#0C87C4\" _builder_version=\"4.22.2\" _module_preset=\"default\" animation_style=\"fade\" global_colors_info=\"{}\"][\/et_pb_icon][et_pb_text _builder_version=\"4.22.2\" _module_preset=\"default\" header_2_font=\"|600|||||||\" header_2_text_align=\"center\" header_2_text_color=\"#E85342\" header_2_font_size=\"48px\" global_colors_info=\"{}\"]\n<h2 class=\"accent1\">FRAN\u00c7AIS G\u00c9N\u00c9RAL - COURS INTENSIFS<\/h2>\n[\/et_pb_text][et_pb_text _builder_version=\"4.22.2\" _module_preset=\"default\" global_colors_info=\"{}\"]\n<div class=\"col-xs-12\">\n<table>\n<tbody>\n<tr style=\"background-color: #cccccc;\">\n<td><b>Niveau\u00a0<\/b><\/td>\n<td><b>Tarif mensuel*<\/b><\/td>\n<td><b>Code CAF<\/b><\/td>\n<td><b>Prochaine session<\/b><\/td>\n<\/tr>\n<tr>\n<td><span>A1<\/span>\n\n&nbsp;\n\n(15 heures par semaine - 8 semaines***)<\/td>\n<td>CHF 700.-\n\n&nbsp;\n\nCAF : jusqu\u2019\u00e0 CHF 700<\/td>\n<td>4227<\/td>\n<td>Janvier 2024\n\n&nbsp;\n\n(<a href=\"https:\/\/www.ecole-peg.ch\/pre-inscription\/\">inscriptions ouvertes<\/a>)<\/td>\n<\/tr>\n<tr>\n<td><span>A2<\/span>\n\n&nbsp;\n\n(15 heures par semaine - 12 semaines***)<\/td>\n<td>CHF 700.\n\n&nbsp;\n\nCAF : jusqu\u2019\u00e0 CHF 700<\/td>\n<td>4227<\/td>\n<td>6 Novembre 2023\n\n&nbsp;\n\n(<a href=\"https:\/\/www.ecole-peg.ch\/pre-inscription\/\">inscriptions ouvertes<\/a>)<\/td>\n<\/tr>\n<tr>\n<td><span>B1<\/span>\n\n&nbsp;\n\n(15 heures par semaine - 12 semaines***)<\/td>\n<td>CHF 700.-\n\n&nbsp;\n\nCAF : jusqu\u2019\u00e0 CHF 700<\/td>\n<td>4227<\/td>\n<td>4 D\u00e9cembre 2023\n\n&nbsp;\n\n(<a href=\"https:\/\/www.ecole-peg.ch\/pre-inscription\/\">inscriptions ouvertes<\/a>)<\/td>\n<\/tr>\n<tr>\n<td><span>B2<\/span>\n\n(15 heures par semaine - 16 semaines***)<\/td>\n<td>CHF 700.-\nCAF : jusqu\u2019\u00e0 CHF 700<\/td>\n<td>4227<\/td>\n<td>20 Novembre 2023\n\n&nbsp;\n\n(<a href=\"https:\/\/www.ecole-peg.ch\/pre-inscription\/\">inscriptions ouvertes<\/a>)<\/td>\n<\/tr>\n<\/tbody>\n<\/table>\n*Des forfaits sont disponibles pour les paiements par niveau.\n\n<\/div>\n[\/et_pb_text][\/et_pb_column][\/et_pb_row][et_pb_row _builder_version=\"4.22.2\" _module_preset=\"default\" global_colors_info=\"{}\"][et_pb_column type=\"4_4\" _builder_version=\"4.22.2\" _module_preset=\"default\" global_colors_info=\"{}\"][et_pb_icon font_icon=\"&#xf044;||fa||400\" icon_color=\"#34C663\" _builder_version=\"4.22.2\" _module_preset=\"default\" animation_style=\"fade\" global_colors_info=\"{}\"][\/et_pb_icon][et_pb_text _builder_version=\"4.22.2\" _module_preset=\"default\" header_2_font=\"|600|||||||\" header_2_text_align=\"center\" header_2_text_color=\"#0C87C4\" header_2_font_size=\"48px\" global_colors_info=\"{}\"]\n<h2 class=\"accent1\">FRAN\u00c7AIS G\u00c9N\u00c9RAL - COURS SEMI-INTENSIFS<\/h2>\n[\/et_pb_text][et_pb_text _builder_version=\"4.22.2\" _module_preset=\"default\" global_colors_info=\"{}\"]\n<table>\n<tbody>\n<tr style=\"background-color: #cccccc;\">\n<td><b>Niveau\u00a0<\/b><\/td>\n<td><b>Tarif par session<\/b><\/td>\n<td><b>Code CAF<\/b><\/td>\n<td><b>Prochaine session<\/b><\/td>\n<\/tr>\n<tr>\n<td><span>C1<\/span>\n\n&nbsp;\n\n(6 heures par semaine - 36 semaines)\n\n2 \u00e0 3 sessions de 12 semaines<\/td>\n<td>CHF 900.-\n(soit CHF 300.- \/mois)\n\n&nbsp;\n\nCAF : CHF 750<\/td>\n<td>3806<\/td>\n<td>2 octobre 2023\n\n&nbsp;\n\n(<a href=\"https:\/\/www.ecole-peg.ch\/pre-inscription\/\">inscriptions encore possibles<\/a>)<\/td>\n<\/tr>\n<tr>\n<td>Fran\u00e7ais pour \u00ab au pair \u00bb : A2\n(4 heures par semaine - 36 semaines)\nParticipation aux 36 semaines obligatoire<\/td>\n<td>CHF 780.-<\/td>\n<td>&nbsp;<\/td>\n<td><\/td>\n<\/tr>\n<\/tbody>\n<\/table>\n<table>\n<tbody>\n<tr style=\"background-color: #cccccc;\">\n<td><b>Niveau\u00a0<\/b><\/td>\n<td><b>Tarif par session\u00a0<\/b><\/td>\n<td><b>Code CAF<\/b><\/td>\n<td><b>Prochaine session<\/b><\/td>\n<\/tr>\n<tr>\n<td><b>Fran\u00e7ais Int\u00e9gration<\/b><span>\u00a0<\/span>: A1+\n(4 heures par semaine -12 semaines)\n<b>(pr\u00e9paration test Fide)<\/b><\/td>\n<td>CHF 715\n\n&nbsp;\n\n<a href=\"https:\/\/www.ge.ch\/beneficier-cheque-annuel-formation\" target=\"_blank\" rel=\"noopener\">CAF\u00a0: CHF 715<\/a><\/td>\n<td>3808<\/td>\n<td>Janvier 2024<\/td>\n<\/tr>\n<tr>\n<td><b>Fran\u00e7ais M\u00e9dical<\/b><span>\u00a0<\/span>: minimum A2\n(4 heures par semaine - 12 semaines)<\/td>\n<td>CHF 960\n<a href=\"https:\/\/www.ge.ch\/beneficier-cheque-annuel-formation\" target=\"_blank\" rel=\"noopener\">CAF\u00a0: CHF 500<\/a><\/td>\n<td>3807<\/td>\n<td>Janvier 2024<\/td>\n<\/tr>\n<tr>\n<td><b>Semi-intensif<\/b><span>\u00a0<\/span>A2 ou B1\n(6 heures par semaine)<\/td>\n<td>CHF 1050.-\n(soit CHF 350.-\/mois)\n\n&nbsp;\n\n<a href=\"https:\/\/www.ge.ch\/beneficier-cheque-annuel-formation\" target=\"_blank\" rel=\"noopener\">CAF\u00a0: CHF 700<\/a><\/td>\n<td>5250<\/td>\n<td>Janvier 2024<\/td>\n<\/tr>\n<\/tbody>\n<\/table>\n[\/et_pb_text][\/et_pb_column][\/et_pb_row][\/et_pb_section]","_et_gb_content_width":"","footnotes":""},"class_list":["post-29714","page","type-page","status-publish","hentry"],"_links":{"self":[{"href":"https:\/\/ecole-peg.ch\/es\/wp-json\/wp\/v2\/pages\/29714","targetHints":{"allow":["GET"]}}],"collection":[{"href":"https:\/\/ecole-peg.ch\/es\/wp-json\/wp\/v2\/pages"}],"about":[{"href":"https:\/\/ecole-peg.ch\/es\/wp-json\/wp\/v2\/types\/page"}],"author":[{"embeddable":true,"href":"https:\/\/ecole-peg.ch\/es\/wp-json\/wp\/v2\/users\/1"}],"replies":[{"embeddable":true,"href":"https:\/\/ecole-peg.ch\/es\/wp-json\/wp\/v2\/comments?post=29714"}],"version-history":[{"count":38,"href":"https:\/\/ecole-peg.ch\/es\/wp-json\/wp\/v2\/pages\/29714\/revisions"}],"predecessor-version":[{"id":32182,"href":"https:\/\/ecole-peg.ch\/es\/wp-json\/wp\/v2\/pages\/29714\/revisions\/32182"}],"wp:attachment":[{"href":"https:\/\/ecole-peg.ch\/es\/wp-json\/wp\/v2\/media?parent=29714"}],"curies":[{"name":"wp","href":"https:\/\/api.w.org\/{rel}","templated":true}]}}