{"id":29681,"date":"2023-10-13T18:24:06","date_gmt":"2023-10-13T16:24:06","guid":{"rendered":"https:\/\/ecole-peg.ch\/?page_id=29681"},"modified":"2025-07-02T15:49:54","modified_gmt":"2025-07-02T13:49:54","slug":"certification-suiza","status":"publish","type":"page","link":"https:\/\/ecole-peg.ch\/es\/escuela\/certification-suiza\/","title":{"rendered":"Certification Suiza"},"content":{"rendered":"<p>[et_pb_section fb_built=\u00bb1&#8243; fullwidth=\u00bbon\u00bb _builder_version=\u00bb4.22.2&#8243; _module_preset=\u00bbdefault\u00bb global_colors_info=\u00bb{}\u00bb][et_pb_fullwidth_header title=\u00bbCERTIFICACI\u00d3N SUIZA\u00bb _builder_version=\u00bb4.23&#8243; _module_preset=\u00bbdefault\u00bb title_font=\u00bb|600||on|||||\u00bb title_text_align=\u00bbcenter\u00bb title_text_color=\u00bb#E85342&#8243; use_background_color_gradient=\u00bbon\u00bb background_color_gradient_stops=\u00bbrgba(0,0,0,0.48) 0%|rgba(0,0,0,0.51) 100%\u00bb background_color_gradient_overlays_image=\u00bbon\u00bb background_image=\u00bbhttps:\/\/ecole-peg.ch\/wp-content\/uploads\/2023\/10\/breadcrumbs.jpg\u00bb custom_padding=\u00bb100px||100px||false|false\u00bb global_colors_info=\u00bb{}\u00bb][\/et_pb_fullwidth_header][\/et_pb_section][et_pb_section fb_built=\u00bb1&#8243; _builder_version=\u00bb4.22.2&#8243; _module_preset=\u00bbdefault\u00bb global_colors_info=\u00bb{}\u00bb][et_pb_row column_structure=\u00bb2_5,3_5&#8243; _builder_version=\u00bb4.22.2&#8243; _module_preset=\u00bbdefault\u00bb global_colors_info=\u00bb{}\u00bb][et_pb_column type=\u00bb2_5&#8243; _builder_version=\u00bb4.22.2&#8243; _module_preset=\u00bbdefault\u00bb global_colors_info=\u00bb{}\u00bb][et_pb_image src=\u00bbhttps:\/\/ecole-peg.ch\/wp-content\/uploads\/2023\/10\/eduqua-300&#215;200-1.png\u00bb title_text=\u00bbeduqua-300&#215;200&#8243; _builder_version=\u00bb4.22.2&#8243; _module_preset=\u00bbdefault\u00bb global_colors_info=\u00bb{}\u00bb][\/et_pb_image][\/et_pb_column][et_pb_column type=\u00bb3_5&#8243; _builder_version=\u00bb4.22.2&#8243; _module_preset=\u00bbdefault\u00bb global_colors_info=\u00bb{}\u00bb][et_pb_text _builder_version=\u00bb4.27.4&#8243; _module_preset=\u00bbdefault\u00bb header_3_font=\u00bb|600|||||||\u00bb header_3_font_size=\u00bb26px\u00bb header_3_line_height=\u00bb1.5em\u00bb hover_enabled=\u00bb0&#8243; global_colors_info=\u00bb{}\u00bb text_font_size=\u00bb16px\u00bb sticky_enabled=\u00bb0&#8243;]<\/p>\n<h2>EduQua<\/h2>\n<p>Eduqua es la certificaci\u00f3n suiza de calidad que se otorga a las instituciones de formaci\u00f3n continua. Este certificado ha sido concedido este a\u00f1o a nuestro establecimiento para todas sus actividades de formaci\u00f3n continua. La Escuela PEG cumple as\u00ed con todos los criterios de calidad requeridos.<\/p>\n<h2>Nuestra promesa de calidad<\/h2>\n<p>La Escuela PEG se comprometi\u00f3 desde hace muchos a\u00f1os en ofrecer condiciones de aprendizaje y ense\u00f1anza de calidad, con el objetivo de asegurar a nuestros alumnos el \u00e9xito. Hoy ser reconocidos con el certificado Eduqua, gracias a nuestro mejor esfuerzo de mejorar continuamente la calidad de nuestras prestaciones.<\/p>\n<p>La certificaci\u00f3n Eduqua es renovada cada tres a\u00f1os con una auditor\u00eda de control a establecimientos con objetivos de calidad, con formaci\u00f3n permanente de profesionales y m\u00e9todos de ense\u00f1anza los cuales tiene como objetivo la satisfacci\u00f3n de nuestros estudiantes quienes son evaluados de manera muy exhaustiva. El control anual de Eduqua es la garant\u00eda que todas las prestaciones de la Escuela PEG son de calidad.<\/p>\n<p>[\/et_pb_text][\/et_pb_column][\/et_pb_row][\/et_pb_section]<\/p>\n","protected":false},"excerpt":{"rendered":"<p>EduQua Eduqua es la certificaci\u00f3n suiza de calidad que se otorga a las instituciones de formaci\u00f3n continua. Este certificado ha sido concedido este a\u00f1o a nuestro establecimiento para todas sus actividades de formaci\u00f3n continua. La Escuela PEG cumple as\u00ed con todos los criterios de calidad requeridos. Nuestra promesa de calidad La Escuela PEG se comprometi\u00f3 [&hellip;]<\/p>\n","protected":false},"author":1,"featured_media":0,"parent":29668,"menu_order":11,"comment_status":"closed","ping_status":"closed","template":"","meta":{"_et_pb_use_builder":"on","_et_pb_old_content":"[et_pb_section fb_built=\"1\" fullwidth=\"on\" _builder_version=\"4.22.2\" _module_preset=\"default\" global_colors_info=\"{}\" theme_builder_area=\"post_content\"][et_pb_fullwidth_header title=\"Certification Suisse\" _builder_version=\"4.22.2\" _module_preset=\"default\" title_font=\"|600||on|||||\" title_text_align=\"center\" title_text_color=\"#E85342\" use_background_color_gradient=\"on\" background_color_gradient_stops=\"rgba(0,0,0,0.48) 0%|rgba(0,0,0,0.51) 100%\" background_color_gradient_overlays_image=\"on\" background_image=\"https:\/\/ecole-peg.ch\/wp-content\/uploads\/2023\/10\/breadcrumbs.jpg\" custom_padding=\"100px||100px||false|false\" hover_enabled=\"0\" global_colors_info=\"{}\" theme_builder_area=\"post_content\" sticky_enabled=\"0\"][\/et_pb_fullwidth_header][\/et_pb_section][et_pb_section fb_built=\"1\" _builder_version=\"4.22.2\" _module_preset=\"default\" global_colors_info=\"{}\" theme_builder_area=\"post_content\"][et_pb_row _builder_version=\"4.22.2\" _module_preset=\"default\" global_colors_info=\"{}\" column_structure=\"2_5,3_5\" theme_builder_area=\"post_content\"][et_pb_column type=\"2_5\" _builder_version=\"4.22.2\" _module_preset=\"default\" global_colors_info=\"{}\" theme_builder_area=\"post_content\"][et_pb_image src=\"https:\/\/ecole-peg.ch\/wp-content\/uploads\/2023\/10\/eduqua-300x200-1.png\" _builder_version=\"4.22.2\" _module_preset=\"default\" theme_builder_area=\"post_content\" title_text=\"eduqua-300x200\" hover_enabled=\"0\" sticky_enabled=\"0\"][\/et_pb_image][\/et_pb_column][et_pb_column type=\"3_5\" _builder_version=\"4.22.2\" _module_preset=\"default\" global_colors_info=\"{}\" theme_builder_area=\"post_content\"][et_pb_text _builder_version=\"4.22.2\" _module_preset=\"default\" header_3_font=\"|600|||||||\" header_3_font_size=\"26px\" header_3_line_height=\"1.5em\" hover_enabled=\"0\" global_colors_info=\"{}\" theme_builder_area=\"post_content\" sticky_enabled=\"0\"]\n<h2>EduQua<\/h2>\nEduQua est la Certification Suisse de Qualit\u00e9 pour les institutions de formation continue.\nCe certificat a \u00e9t\u00e9 d\u00e9cern\u00e9 \u00e0 notre \u00e9tablissement pour toutes ses activit\u00e9s de formation continue.\nL\u2019Ecole PEG remplit ainsi tous les crit\u00e8res qualit\u00e9 requis.\n<h2>Notre promesse Qualit\u00e9<\/h2>\nL\u2019Ecole PEG s\u2019est engag\u00e9e depuis de nombreuses ann\u00e9es \u00e0 offrir un enseignement et des conditions d\u2019apprentissage de qualit\u00e9 afin d\u2019assurer \u00e0 ses \u00e9l\u00e8ves le plein succ\u00e8s.\nNous sommes aujourd\u2019hui certifi\u00e9s EduQua et nous mettons tout en \u0153uvre pour toujours am\u00e9liorer la qualit\u00e9 de nos prestations.\nLa certification EduQua est renouvel\u00e9e tous les trois ans avec un audit de contr\u00f4le annuel.\nL\u2019\u00e9tablissement, sa d\u00e9marche qualit\u00e9, la formation continue des intervenants, les m\u00e9thodes d\u2019enseignement et la satisfaction des apprenants sont \u00e9valu\u00e9s de mani\u00e8re tr\u00e8s pointue.\nLe contr\u00f4le annuel d\u2019EduQua est notre promesse que toutes nos prestations sont de qualit\u00e9.\n\n[\/et_pb_text][\/et_pb_column][\/et_pb_row][\/et_pb_section]","_et_gb_content_width":"","footnotes":""},"class_list":["post-29681","page","type-page","status-publish","hentry"],"_links":{"self":[{"href":"https:\/\/ecole-peg.ch\/es\/wp-json\/wp\/v2\/pages\/29681","targetHints":{"allow":["GET"]}}],"collection":[{"href":"https:\/\/ecole-peg.ch\/es\/wp-json\/wp\/v2\/pages"}],"about":[{"href":"https:\/\/ecole-peg.ch\/es\/wp-json\/wp\/v2\/types\/page"}],"author":[{"embeddable":true,"href":"https:\/\/ecole-peg.ch\/es\/wp-json\/wp\/v2\/users\/1"}],"replies":[{"embeddable":true,"href":"https:\/\/ecole-peg.ch\/es\/wp-json\/wp\/v2\/comments?post=29681"}],"version-history":[{"count":1,"href":"https:\/\/ecole-peg.ch\/es\/wp-json\/wp\/v2\/pages\/29681\/revisions"}],"predecessor-version":[{"id":31837,"href":"https:\/\/ecole-peg.ch\/es\/wp-json\/wp\/v2\/pages\/29681\/revisions\/31837"}],"up":[{"embeddable":true,"href":"https:\/\/ecole-peg.ch\/es\/wp-json\/wp\/v2\/pages\/29668"}],"wp:attachment":[{"href":"https:\/\/ecole-peg.ch\/es\/wp-json\/wp\/v2\/media?parent=29681"}],"curies":[{"name":"wp","href":"https:\/\/api.w.org\/{rel}","templated":true}]}}