{"id":29680,"date":"2023-10-13T18:16:22","date_gmt":"2023-10-13T16:16:22","guid":{"rendered":"https:\/\/ecole-peg.ch\/?page_id=29680"},"modified":"2025-07-02T15:49:16","modified_gmt":"2025-07-02T13:49:16","slug":"estatutos","status":"publish","type":"page","link":"https:\/\/ecole-peg.ch\/es\/escuela\/estatutos\/","title":{"rendered":"Estatutos"},"content":{"rendered":"<p>[et_pb_section fb_built=\u00bb1&#8243; fullwidth=\u00bbon\u00bb _builder_version=\u00bb4.22.2&#8243; _module_preset=\u00bbdefault\u00bb global_colors_info=\u00bb{}\u00bb][et_pb_fullwidth_header title=\u00bbESTATUTOS\u00bb _builder_version=\u00bb4.23&#8243; _module_preset=\u00bbdefault\u00bb title_font=\u00bb|600||on|||||\u00bb title_text_align=\u00bbcenter\u00bb title_text_color=\u00bb#E85342&#8243; use_background_color_gradient=\u00bbon\u00bb background_color_gradient_stops=\u00bbrgba(0,0,0,0.48) 0%|rgba(0,0,0,0.51) 100%\u00bb background_color_gradient_overlays_image=\u00bbon\u00bb background_image=\u00bbhttps:\/\/ecole-peg.ch\/wp-content\/uploads\/2023\/10\/breadcrumbs.jpg\u00bb custom_padding=\u00bb100px||100px||false|false\u00bb global_colors_info=\u00bb{}\u00bb][\/et_pb_fullwidth_header][\/et_pb_section][et_pb_section fb_built=\u00bb1&#8243; _builder_version=\u00bb4.22.2&#8243; _module_preset=\u00bbdefault\u00bb global_colors_info=\u00bb{}\u00bb][et_pb_row _builder_version=\u00bb4.22.2&#8243; _module_preset=\u00bbdefault\u00bb global_colors_info=\u00bb{}\u00bb][et_pb_column type=\u00bb4_4&#8243; _builder_version=\u00bb4.22.2&#8243; _module_preset=\u00bbdefault\u00bb global_colors_info=\u00bb{}\u00bb][et_pb_text _builder_version=\u00bb4.27.4&#8243; _module_preset=\u00bbdefault\u00bb header_3_font=\u00bb|600|||||||\u00bb header_3_font_size=\u00bb26px\u00bb header_3_line_height=\u00bb1.5em\u00bb hover_enabled=\u00bb0&#8243; global_colors_info=\u00bb{}\u00bb text_font_size=\u00bb16px\u00bb sticky_enabled=\u00bb0&#8243;]<\/p>\n<p>A lo largo de su historia, el colegio PEG ha desarrollado su propia filosof\u00eda y sus propios valores que lo convierten en una instituci\u00f3n reconocida y apreciada.<\/p>\n<h3><strong>Nuestros valores<\/strong><\/h3>\n<p>Apoyo personalizado (cada estudiante es diferente, las necesidades y expectativas se examinan caso por caso)<\/p>\n<p>Respeto (tenemos en cuenta la historia personal de nuestros estudiantes,\u00a0 sus condiciones de vida, sus posibilidades y limitaciones, as\u00ed como su ritmo de aprendizaje).<\/p>\n<p>Disponibilidad (en cualquier momento, si el estudiante necesita la ayuda y el consejo de los directores, profesores y personal administrativo). El equipo del colegio PEG est\u00e1 al servicio de los estudiantes siempre que lo deseen.<\/p>\n<p>La calidad de nuestros servicios (cuando el estudiante se inscribe en uno de nuestros cursos, adquiere una confianza en nosotros desde el principio. Tenemos el deber de ofrecerle cursos y condiciones de aprendizaje que respondan a sus expectativas).<\/p>\n<p>Convivencia (la escuela es un lugar de vida donde debe prevalecer un sentido de bienestar y seguridad; la convivencia promueve el aprendizaje efectivo).<\/p>\n<p>Apertura e integraci\u00f3n (el pluralismo de or\u00edgenes y de culturas es una riqueza que permite el di\u00e1logo. El respeto de las identidades y los valores culturales promueve la integraci\u00f3n en nuestra sociedad).<\/p>\n<h3><strong>Nuestro proyecto educativo<\/strong><\/h3>\n<p>Trabajamos para desarrollar las competencias de los estudiantes y permitirles adquirir conocimientos de franc\u00e9s como lengua extranjera a trav\u00e9s de ofertas de formaci\u00f3n diversificadas, adecuadas y adaptadas a sus expectativas, con el fin de alcanzar los objetivos de formaci\u00f3n en los plazos previstos;<\/p>\n<p>Nos esforzamos por alcanzar la excelencia en nuestro proyecto educativo.<\/p>\n<h3><strong>Nuestros compromisos<\/strong><\/h3>\n<p>Con los estudiantes,\u00a0 nos comprometemos a proporcionarles servicios de calidad, a hacer todo lo posible para permitirles alcanzar los objetivos fijados y garantizar el \u00e9xito en los ex\u00e1menes, para ofrecerles un aprendizaje en un ambiente agradable y amigable.<\/p>\n<p>Con los empleados, nuestro compromiso es proporcionarles unas condiciones de trabajo correctas y agradables, que les permitan desarrollarse profesionalmente contribuyendo a la formaci\u00f3n continua para mejorar la calidad de la formaci\u00f3n en nuestra instituci\u00f3n.<\/p>\n<p>Con nuestros asociados, nos comprometemos a colaborar con total confianza, a intercambiar nuestras experiencias, a trabajar de acuerdo con la filosof\u00eda y los valores de cada uno.<\/p>\n<p>[\/et_pb_text][\/et_pb_column][\/et_pb_row][\/et_pb_section]<\/p>\n","protected":false},"excerpt":{"rendered":"<p>A lo largo de su historia, el colegio PEG ha desarrollado su propia filosof\u00eda y sus propios valores que lo convierten en una instituci\u00f3n reconocida y apreciada. Nuestros valores Apoyo personalizado (cada estudiante es diferente, las necesidades y expectativas se examinan caso por caso) Respeto (tenemos en cuenta la historia personal de nuestros estudiantes,\u00a0 sus [&hellip;]<\/p>\n","protected":false},"author":1,"featured_media":0,"parent":29668,"menu_order":0,"comment_status":"closed","ping_status":"closed","template":"","meta":{"_et_pb_use_builder":"on","_et_pb_old_content":"[et_pb_section fb_built=\"1\" fullwidth=\"on\" theme_builder_area=\"post_content\" _builder_version=\"4.22.2\" _module_preset=\"default\"][et_pb_fullwidth_header title=\"La Charte\" _builder_version=\"4.22.2\" _module_preset=\"default\" theme_builder_area=\"post_content\" title_text=\"breadcrumbs\" background_image=\"https:\/\/ecole-peg.ch\/wp-content\/uploads\/2023\/10\/breadcrumbs.jpg\" use_background_color_gradient=\"on\" background_color_gradient_stops=\"rgba(0,0,0,0.48) 0%|rgba(0,0,0,0.51) 100%\" background_color_gradient_overlays_image=\"on\" title_font=\"|600||on|||||\" title_text_align=\"center\" title_text_color=\"#E85342\" custom_padding=\"100px||100px||false|false\" hover_enabled=\"0\" sticky_enabled=\"0\"][\/et_pb_fullwidth_header][\/et_pb_section][et_pb_section fb_built=\"1\" theme_builder_area=\"post_content\" _builder_version=\"4.22.2\" _module_preset=\"default\"][et_pb_row _builder_version=\"4.22.2\" _module_preset=\"default\" theme_builder_area=\"post_content\"][et_pb_column _builder_version=\"4.22.2\" _module_preset=\"default\" type=\"4_4\" theme_builder_area=\"post_content\"][et_pb_text _builder_version=\"4.22.2\" _module_preset=\"default\" theme_builder_area=\"post_content\" header_3_font=\"|600|||||||\" header_3_font_size=\"26px\" header_3_line_height=\"1.5em\" hover_enabled=\"0\" sticky_enabled=\"0\"]\n\nA travers son histoire, l\u2019\u00e9cole PEG a d\u00e9velopp\u00e9 sa propre philosophie et ses valeurs qui font d\u2019elle une institution renomm\u00e9e et appr\u00e9ci\u00e9e.\n<h3>Nos valeurs<\/h3>\n<ul>\n \t<li><strong>L\u2019accompagnement personnalis\u00e9<\/strong>\u00a0<em>(chaque apprenant est diff\u00e9rent, les besoins et les attentes sont examin\u00e9s au cas par cas).<\/em><\/li>\n \t<li><strong>Le respect<\/strong>\u00a0<em>(nous tenons compte de l\u2019histoire personnelle de nos apprenants, de leurs conditions de vie, de leurs possibilit\u00e9s et de leurs limites ainsi que de leur rythme d\u2019apprentissage).<\/em><\/li>\n \t<li><strong>La disponibilit\u00e9<\/strong>\u00a0<em>(\u00e0 tout moment, l\u2019apprenant peut avoir besoin de l\u2019aide et des conseils des directeurs, de ses professeurs et du personnel administratif). L\u2019\u00e9quipe PEG est au service des apprenants quand ils le souhaitent.<\/em><\/li>\n \t<li><strong>La qualit\u00e9 des prestations<\/strong>\u00a0<em>(quand l\u2019apprenant s\u2019inscrit \u00e0 une de nos formations, il nous fait confiance d\u2019embl\u00e9e. Nous avons le devoir de lui offrir des cours et des conditions d\u2019apprentissage \u00e0 la mesure de ses attentes).<\/em><\/li>\n \t<li><strong>La convivialit\u00e9<\/strong>\u00a0<em>(l\u2019\u00e9cole est un lieu de vie o\u00f9 le sentiment de bien-\u00eatre et de s\u00e9curit\u00e9 doit pr\u00e9valoir\u00a0; La convivialit\u00e9 favorise un apprentissage efficace).<\/em><\/li>\n \t<li><strong>L\u2019ouverture et l\u2019int\u00e9gration<\/strong>\u00a0<em>(le pluralisme des origines et des cultures est une richesse et permet le dialogue, le respect des identit\u00e9s et des valeurs culturelles. Il favorise l\u2019int\u00e9gration dans notre soci\u00e9t\u00e9).<\/em><\/li>\n<\/ul>\n&nbsp;\n<h3>Notre projet p\u00e9dagogique<\/h3>\n<ul>\n \t<li>Nous \u0153uvrons \u00e0 d\u00e9velopper les comp\u00e9tences des apprenants et leur permettre d\u2019acqu\u00e9rir des connaissances en Fran\u00e7ais Langue Etrang\u00e8re \u00e0 travers des offres de formation diversifi\u00e9es, ad\u00e9quates et adapt\u00e9es \u00e0 leurs attentes afin d\u2019atteindre les objectifs de formation dans les d\u00e9lais fix\u00e9s ;<\/li>\n \t<li>Nous visons l\u2019excellence dans notre projet p\u00e9dagogique.<\/li>\n<\/ul>\n&nbsp;\n<h3>Nos engagements<\/h3>\n<ul>\n \t<li>Aux\u00a0<strong>apprenants<\/strong>, nous nous engageons \u00e0 proposer des prestations de qualit\u00e9, de tout mettre en \u0153uvre pour leur permettre d\u2019atteindre les objectifs fix\u00e9s et leur garantir la r\u00e9ussite aux examens, de leur offrir un apprentissage dans un environnement agr\u00e9able et convivial.<\/li>\n \t<li>Aux\u00a0<strong>collaborateurs<\/strong>, nous nous engageons \u00e0 leur assurer des conditions de travail correctes et plaisantes, \u00e0 leur permettre un \u00e9panouissement professionnel en contribuant \u00e0 la formation continue afin d\u2019am\u00e9liorer ainsi la qualit\u00e9 des formations dans notre institution.<\/li>\n \t<li>Aux\u00a0<strong>partenaires<\/strong>, nous nous engageons \u00e0 collaborer en toute confiance, \u00e0 \u00e9changer sur nos exp\u00e9riences, \u00e0 travailler dans le respect de la philosophie et des valeurs de chacun.<\/li>\n<\/ul>\n&nbsp;\n\nT\u00e9l\u00e9charger la version en\u00a0<a href=\"https:\/\/www.ecole-peg.ch\/wp-content\/uploads\/2016\/12\/Charte-institutionnelle.pdf\" target=\"_blank\" rel=\"noopener\">PDF<\/a>.\n\n[\/et_pb_text][\/et_pb_column][\/et_pb_row][\/et_pb_section]","_et_gb_content_width":"","footnotes":""},"class_list":["post-29680","page","type-page","status-publish","hentry"],"_links":{"self":[{"href":"https:\/\/ecole-peg.ch\/es\/wp-json\/wp\/v2\/pages\/29680","targetHints":{"allow":["GET"]}}],"collection":[{"href":"https:\/\/ecole-peg.ch\/es\/wp-json\/wp\/v2\/pages"}],"about":[{"href":"https:\/\/ecole-peg.ch\/es\/wp-json\/wp\/v2\/types\/page"}],"author":[{"embeddable":true,"href":"https:\/\/ecole-peg.ch\/es\/wp-json\/wp\/v2\/users\/1"}],"replies":[{"embeddable":true,"href":"https:\/\/ecole-peg.ch\/es\/wp-json\/wp\/v2\/comments?post=29680"}],"version-history":[{"count":1,"href":"https:\/\/ecole-peg.ch\/es\/wp-json\/wp\/v2\/pages\/29680\/revisions"}],"predecessor-version":[{"id":31836,"href":"https:\/\/ecole-peg.ch\/es\/wp-json\/wp\/v2\/pages\/29680\/revisions\/31836"}],"up":[{"embeddable":true,"href":"https:\/\/ecole-peg.ch\/es\/wp-json\/wp\/v2\/pages\/29668"}],"wp:attachment":[{"href":"https:\/\/ecole-peg.ch\/es\/wp-json\/wp\/v2\/media?parent=29680"}],"curies":[{"name":"wp","href":"https:\/\/api.w.org\/{rel}","templated":true}]}}