{"id":29668,"date":"2017-02-16T09:16:01","date_gmt":"2017-02-16T08:16:01","guid":{"rendered":"https:\/\/ecole-peg.ch\/?page_id=29668"},"modified":"2025-07-02T15:48:40","modified_gmt":"2025-07-02T13:48:40","slug":"escuela","status":"publish","type":"page","link":"https:\/\/ecole-peg.ch\/es\/escuela\/","title":{"rendered":"ESCUELA"},"content":{"rendered":"<p>[et_pb_section fb_built=\u00bb1&#8243; fullwidth=\u00bbon\u00bb admin_label=\u00bbSection\u00bb _builder_version=\u00bb4.16&#8243; custom_padding=\u00bb0px|0px|0px|0px\u00bb transparent_background=\u00bboff\u00bb make_fullwidth=\u00bboff\u00bb use_custom_width=\u00bboff\u00bb width_unit=\u00bboff\u00bb custom_width_px=\u00bb1080px\u00bb custom_width_percent=\u00bb80%\u00bb global_colors_info=\u00bb{}\u00bb][et_pb_fullwidth_slider admin_label=\u00bbCurseur de d\u00e9filement plein \u00e9cran\u00bb _builder_version=\u00bb4.23&#8243; custom_padding=\u00bb100px||100px||false|false\u00bb custom_padding_tablet=\u00bb|||\u00bb custom_padding_phone=\u00bb|||\u00bb remove_inner_shadow=\u00bbon\u00bb hide_content_on_mobile=\u00bboff\u00bb hide_cta_on_mobile=\u00bboff\u00bb show_inner_shadow=\u00bboff\u00bb button_letter_spacing_hover=\u00bb0&#8243; global_colors_info=\u00bb{}\u00bb button_text_size__hover_enabled=\u00bboff\u00bb button_one_text_size__hover_enabled=\u00bboff\u00bb button_two_text_size__hover_enabled=\u00bboff\u00bb button_text_color__hover_enabled=\u00bboff\u00bb button_one_text_color__hover_enabled=\u00bboff\u00bb button_two_text_color__hover_enabled=\u00bboff\u00bb button_border_width__hover_enabled=\u00bboff\u00bb button_one_border_width__hover_enabled=\u00bboff\u00bb button_two_border_width__hover_enabled=\u00bboff\u00bb button_border_color__hover_enabled=\u00bboff\u00bb button_one_border_color__hover_enabled=\u00bboff\u00bb button_two_border_color__hover_enabled=\u00bboff\u00bb button_border_radius__hover_enabled=\u00bboff\u00bb button_one_border_radius__hover_enabled=\u00bboff\u00bb button_two_border_radius__hover_enabled=\u00bboff\u00bb button_letter_spacing__hover_enabled=\u00bbon\u00bb button_letter_spacing__hover=\u00bb0&#8243; button_one_letter_spacing__hover_enabled=\u00bboff\u00bb button_two_letter_spacing__hover_enabled=\u00bboff\u00bb button_bg_color__hover_enabled=\u00bboff\u00bb button_one_bg_color__hover_enabled=\u00bboff\u00bb button_two_bg_color__hover_enabled=\u00bboff\u00bb][et_pb_slide heading=\u00bbESCUELA\u00bb use_bg_overlay=\u00bbon\u00bb bg_overlay_color=\u00bbrgba(0,0,0,0.5)\u00bb use_text_overlay=\u00bboff\u00bb _builder_version=\u00bb4.23&#8243; header_level=\u00bbh2&#8243; header_font=\u00bb|600|||||||\u00bb header_text_color=\u00bb#E85342&#8243; header_font_size=\u00bb43px\u00bb body_font=\u00bb||||\u00bb body_line_height=\u00bb1.5em\u00bb background_enable_color=\u00bboff\u00bb use_background_color_gradient=\u00bbon\u00bb background_color_gradient_stops=\u00bbrgba(0,0,0,0.5) 1%|rgba(0,0,0,0.5) 100%\u00bb background_color_gradient_overlays_image=\u00bbon\u00bb background_image=\u00bbhttps:\/\/ecole-peg.ch\/wp-content\/uploads\/2023\/10\/breadcrumbs.jpg\u00bb background_enable_image=\u00bbon\u00bb custom_button=\u00bbon\u00bb button_text_size=\u00bb16&#8243; button_text_color=\u00bb#ffffff\u00bb button_border_color=\u00bb#ffffff\u00bb button_font=\u00bb||||\u00bb button_use_icon=\u00bboff\u00bb custom_padding=\u00bb||||false|false\u00bb header_font_size_tablet=\u00bb80px\u00bb header_font_size_phone=\u00bb50px\u00bb header_font_size_last_edited=\u00bbon|phone\u00bb body_font_size_tablet=\u00bb\u00bb body_font_size_phone=\u00bb\u00bb body_font_size_last_edited=\u00bbon|desktop\u00bb button_text_size_tablet=\u00bb16&#8243; button_text_size_phone=\u00bb16&#8243; button_text_color_hover=\u00bb#666666&#8243; button_bg_color_hover=\u00bb#ffffff\u00bb global_colors_info=\u00bb{}\u00bb button_text_size__hover_enabled=\u00bboff\u00bb button_one_text_size__hover_enabled=\u00bboff\u00bb button_two_text_size__hover_enabled=\u00bboff\u00bb button_text_color__hover_enabled=\u00bbon\u00bb button_text_color__hover=\u00bb#666666&#8243; button_one_text_color__hover_enabled=\u00bboff\u00bb button_two_text_color__hover_enabled=\u00bboff\u00bb button_border_width__hover_enabled=\u00bboff\u00bb button_one_border_width__hover_enabled=\u00bboff\u00bb button_two_border_width__hover_enabled=\u00bboff\u00bb button_border_color__hover_enabled=\u00bboff\u00bb button_one_border_color__hover_enabled=\u00bboff\u00bb button_two_border_color__hover_enabled=\u00bboff\u00bb button_border_radius__hover_enabled=\u00bboff\u00bb button_one_border_radius__hover_enabled=\u00bboff\u00bb button_two_border_radius__hover_enabled=\u00bboff\u00bb button_letter_spacing__hover_enabled=\u00bboff\u00bb button_one_letter_spacing__hover_enabled=\u00bboff\u00bb button_two_letter_spacing__hover_enabled=\u00bboff\u00bb button_bg_color__hover_enabled=\u00bbon\u00bb button_bg_color__hover=\u00bb#ffffff\u00bb button_one_bg_color__hover_enabled=\u00bboff\u00bb button_two_bg_color__hover_enabled=\u00bboff\u00bb sticky_transition=\u00bbon\u00bb][\/et_pb_slide][\/et_pb_fullwidth_slider][\/et_pb_section][et_pb_section fb_built=\u00bb1&#8243; _builder_version=\u00bb4.16&#8243; transparent_background=\u00bboff\u00bb make_fullwidth=\u00bboff\u00bb use_custom_width=\u00bboff\u00bb width_unit=\u00bboff\u00bb custom_width_px=\u00bb1080px\u00bb custom_width_percent=\u00bb80%\u00bb global_colors_info=\u00bb{}\u00bb][et_pb_row column_structure=\u00bb1_2,1_2&#8243; _builder_version=\u00bb4.22.2&#8243; background_image=\u00bbhttps:\/\/ecole-peg.ch\/wp-content\/uploads\/2023\/10\/bg_map.jpg\u00bb background_size=\u00bbinitial\u00bb background_position=\u00bbtop_left\u00bb background_repeat=\u00bbrepeat\u00bb width=\u00bb100%\u00bb custom_padding=\u00bb33.859375px|0px|0px|0px\u00bb make_fullwidth=\u00bboff\u00bb use_custom_width=\u00bboff\u00bb width_unit=\u00bboff\u00bb custom_width_px=\u00bb1080px\u00bb custom_width_percent=\u00bb80%\u00bb global_colors_info=\u00bb{}\u00bb][et_pb_column type=\u00bb1_2&#8243; _builder_version=\u00bb4.16&#8243; custom_padding=\u00bb|||\u00bb global_colors_info=\u00bb{}\u00bb custom_padding__hover=\u00bb|||\u00bb][et_pb_image src=\u00bbhttps:\/\/ecole-peg.ch\/wp-content\/uploads\/2023\/10\/AdobeStock_98312732.png\u00bb title_text=\u00bbAdobeStock_98312732&#8243; _builder_version=\u00bb4.22.2&#8243; _module_preset=\u00bbdefault\u00bb custom_margin=\u00bb0px|0px|0px|0px|false|false\u00bb custom_padding=\u00bb0px|0px|0px|0px|false|false\u00bb global_colors_info=\u00bb{}\u00bb][\/et_pb_image][\/et_pb_column][et_pb_column type=\u00bb1_2&#8243; _builder_version=\u00bb4.22.2&#8243; _module_preset=\u00bbdefault\u00bb global_colors_info=\u00bb{}\u00bb][et_pb_text _builder_version=\u00bb4.27.4&#8243; _module_preset=\u00bbdefault\u00bb header_6_font=\u00bb|600|||||||\u00bb header_6_text_color=\u00bb#E85342&#8243; hover_enabled=\u00bb0&#8243; global_colors_info=\u00bb{}\u00bb text_font_size=\u00bb16px\u00bb sticky_enabled=\u00bb0&#8243;]<\/p>\n<div class=\"special_heading\">\n<h3 class=\"text-left section_header\">LA ESCUELA<\/h3>\n<\/div>\n<p>El Ecole PEG es una escuela familiar fundada en 1968 que se especializa en la ense\u00f1anza de Franc\u00e9s Lengua Extranjera. Conocida por la calidad de su acojida y de su ense\u00f1anza, nuestro equipo est\u00e1 compuesto por varios profesores de franc\u00e9s todos diplomados y con varios a\u00f1os de experiencia.<\/p>\n<p>Ecole PEG es miembro de la AGEP (Federaci\u00f3n Suiza de Escuelas Privadas).<\/p>\n<p>Los puntos fuertes de nuestra ense\u00f1anza son:<\/p>\n<ul>\n<li>Nuestra experiencia<\/li>\n<li>Nuestra metodologia<\/li>\n<li>Nuestro \u00edndice de resultados (100%)<\/li>\n<\/ul>\n<p>Nosotros recibimos\u00a0 estudiantes provenientes del mundo entero y est\u00e1 diversidad cultural\u00a0 crea un clima particuliarmente caluroso.<\/p>\n<p>Nuestra secretaria est\u00e1 a su diposici\u00f3n para responder a cualquier inquietud.<\/p>\n<p>[\/et_pb_text][\/et_pb_column][\/et_pb_row][\/et_pb_section][et_pb_section fb_built=\u00bb1&#8243; _builder_version=\u00bb4.16&#8243; transparent_background=\u00bboff\u00bb make_fullwidth=\u00bboff\u00bb use_custom_width=\u00bboff\u00bb width_unit=\u00bboff\u00bb custom_width_px=\u00bb1080px\u00bb custom_width_percent=\u00bb80%\u00bb global_colors_info=\u00bb{}\u00bb][et_pb_row _builder_version=\u00bb4.22.2&#8243; _module_preset=\u00bbdefault\u00bb global_colors_info=\u00bb{}\u00bb][et_pb_column type=\u00bb4_4&#8243; _builder_version=\u00bb4.22.2&#8243; _module_preset=\u00bbdefault\u00bb global_colors_info=\u00bb{}\u00bb][et_pb_text _builder_version=\u00bb4.22.2&#8243; _module_preset=\u00bbdefault\u00bb header_2_font=\u00bb|600|||||||\u00bb header_2_font_size=\u00bb34px\u00bb global_colors_info=\u00bb{}\u00bb]<\/p>\n<h2 style=\"text-align: center;\">CERTIFICATION<\/h2>\n<p>[\/et_pb_text][\/et_pb_column][\/et_pb_row][et_pb_row column_structure=\u00bb1_2,1_2&#8243; _builder_version=\u00bb4.22.2&#8243; background_image=\u00bbhttps:\/\/ecole-peg.ch\/wp-content\/uploads\/2023\/10\/bg_map.jpg\u00bb background_size=\u00bbinitial\u00bb background_position=\u00bbtop_left\u00bb background_repeat=\u00bbrepeat\u00bb width=\u00bb100%\u00bb custom_padding=\u00bb33.859375px|0px|0px|0px\u00bb make_fullwidth=\u00bboff\u00bb use_custom_width=\u00bboff\u00bb width_unit=\u00bboff\u00bb custom_width_px=\u00bb1080px\u00bb custom_width_percent=\u00bb80%\u00bb global_colors_info=\u00bb{}\u00bb][et_pb_column type=\u00bb1_2&#8243; _builder_version=\u00bb4.16&#8243; custom_padding=\u00bb|||\u00bb global_colors_info=\u00bb{}\u00bb custom_padding__hover=\u00bb|||\u00bb][et_pb_image src=\u00bbhttps:\/\/ecole-peg.ch\/wp-content\/uploads\/2023\/10\/eduqua-300&#215;200-1.png\u00bb title_text=\u00bbeduqua-300&#215;200&#8243; align=\u00bbcenter\u00bb _builder_version=\u00bb4.22.2&#8243; _module_preset=\u00bbdefault\u00bb custom_margin=\u00bb0px|0px|0px|0px|false|false\u00bb custom_padding=\u00bb100px|0px|0px|0px|false|false\u00bb global_colors_info=\u00bb{}\u00bb][\/et_pb_image][\/et_pb_column][et_pb_column type=\u00bb1_2&#8243; _builder_version=\u00bb4.22.2&#8243; _module_preset=\u00bbdefault\u00bb global_colors_info=\u00bb{}\u00bb][et_pb_text _builder_version=\u00bb4.27.4&#8243; _module_preset=\u00bbdefault\u00bb header_6_font=\u00bb|600|||||||\u00bb header_6_text_color=\u00bb#E85342&#8243; hover_enabled=\u00bb0&#8243; global_colors_info=\u00bb{}\u00bb text_font_size=\u00bb16px\u00bb sticky_enabled=\u00bb0&#8243;]<\/p>\n<div class=\"special_heading\">\n<h3>EduQua<\/h3>\n<p>Eduqua es la certificaci\u00f3n suiza de calidad que se otorga a las instituciones de formaci\u00f3n continua. Este certificado ha sido concedido a nuestro establecimiento para todas sus actividades de formaci\u00f3n continua. La Escuela PEG cumple as\u00ed con todos los criterios de calidad requeridos.<\/p>\n<p>Nuestra promesa de calidad: La Escuela PEG se comprometi\u00f3 desde hace muchos a\u00f1os en ofrecer condiciones de aprendizaje y ense\u00f1anza de calidad, con el objetivo de asegurar a nuestros alumnos el \u00e9xito. Hoy ser reconocidos con el certificado Eduqua, gracias a nuestro mejor esfuerzo de mejorar continuamente la calidad de nuestras prestaciones.<\/p>\n<p>La certificaci\u00f3n Eduqua es renovada cada tres a\u00f1os con una auditor\u00eda de control a establecimientos con objetivos de calidad, con formaci\u00f3n permanente de profesionales y m\u00e9todos de ense\u00f1anza los cuales tiene como objetivo la satisfacci\u00f3n de nuestros estudiantes quienes son evaluados de manera muy exhaustiva. El control anual de Eduqua es la garant\u00eda que todas las prestaciones de la Escuela PEG son de calidad.<\/p>\n<\/div>\n<p>[\/et_pb_text][\/et_pb_column][\/et_pb_row][\/et_pb_section][et_pb_section fb_built=\u00bb1&#8243; _builder_version=\u00bb4.22.2&#8243; _module_preset=\u00bbdefault\u00bb use_background_color_gradient=\u00bbon\u00bb background_color_gradient_stops=\u00bbrgba(0,0,0,0.4) 0%|rgba(0,0,0,0.61) 100%\u00bb background_color_gradient_overlays_image=\u00bbon\u00bb background_image=\u00bbhttps:\/\/ecole-peg.ch\/wp-content\/uploads\/2023\/10\/course_cat_bg.jpg\u00bb global_colors_info=\u00bb{}\u00bb][et_pb_row _builder_version=\u00bb4.22.2&#8243; _module_preset=\u00bbdefault\u00bb global_colors_info=\u00bb{}\u00bb][et_pb_column type=\u00bb4_4&#8243; _builder_version=\u00bb4.22.2&#8243; _module_preset=\u00bbdefault\u00bb global_colors_info=\u00bb{}\u00bb][et_pb_text _builder_version=\u00bb4.23&#8243; _module_preset=\u00bbdefault\u00bb header_2_font=\u00bb|600|||||||\u00bb header_2_text_align=\u00bbcenter\u00bb header_2_text_color=\u00bb#FFFFFF\u00bb header_2_font_size=\u00bb34px\u00bb global_colors_info=\u00bb{}\u00bb]<\/p>\n<h2>VISITA VIRTUAL DE LA ESCUELA<\/h2>\n<p>[\/et_pb_text][\/et_pb_column][\/et_pb_row][et_pb_row _builder_version=\u00bb4.22.2&#8243; _module_preset=\u00bbdefault\u00bb global_colors_info=\u00bb{}\u00bb][et_pb_column type=\u00bb4_4&#8243; _builder_version=\u00bb4.22.2&#8243; _module_preset=\u00bbdefault\u00bb global_colors_info=\u00bb{}\u00bb][et_pb_code _builder_version=\u00bb4.22.2&#8243; _module_preset=\u00bbdefault\u00bb global_colors_info=\u00bb{}\u00bb]<iframe loading=\"lazy\" style=\"border: 0;\" src=\"https:\/\/www.google.com\/maps\/embed?pb=!1m0!3m2!1sfr!2sch!4v1490784502890!6m8!1m7!1sE67PwL4g79sAAAQvOwGrNw!2m2!1d46.20350216553045!2d6.163141475987914!3f217!4f0!5f0.7820865974627469\" width=\"100%\" height=\"550\" frameborder=\"0\" allowfullscreen=\"allowfullscreen\"><\/iframe>[\/et_pb_code][\/et_pb_column][\/et_pb_row][\/et_pb_section]<\/p>\n","protected":false},"excerpt":{"rendered":"<p>LA ESCUELA El Ecole PEG es una escuela familiar fundada en 1968 que se especializa en la ense\u00f1anza de Franc\u00e9s Lengua Extranjera. Conocida por la calidad de su acojida y de su ense\u00f1anza, nuestro equipo est\u00e1 compuesto por varios profesores de franc\u00e9s todos diplomados y con varios a\u00f1os de experiencia. Ecole PEG es miembro de [&hellip;]<\/p>\n","protected":false},"author":1,"featured_media":0,"parent":0,"menu_order":22,"comment_status":"closed","ping_status":"closed","template":"","meta":{"_et_pb_use_builder":"on","_et_pb_old_content":"[et_pb_section fb_built=\"1\" fullwidth=\"on\" admin_label=\"Section\" _builder_version=\"4.16\" custom_padding=\"0px|0px|0px|0px\" transparent_background=\"off\" make_fullwidth=\"off\" use_custom_width=\"off\" width_unit=\"off\" custom_width_px=\"1080px\" custom_width_percent=\"80%\" global_colors_info=\"{}\"][et_pb_fullwidth_slider admin_label=\"Curseur de d\u00e9filement plein \u00e9cran\" _builder_version=\"4.22.2\" custom_padding=\"100px||100px||false|false\" custom_padding_tablet=\"|||\" custom_padding_phone=\"|||\" button_letter_spacing_hover=\"0\" remove_inner_shadow=\"on\" hide_content_on_mobile=\"off\" hide_cta_on_mobile=\"off\" show_inner_shadow=\"off\" global_colors_info=\"{}\" button_text_size__hover_enabled=\"off\" button_one_text_size__hover_enabled=\"off\" button_two_text_size__hover_enabled=\"off\" button_text_color__hover_enabled=\"off\" button_one_text_color__hover_enabled=\"off\" button_two_text_color__hover_enabled=\"off\" button_border_width__hover_enabled=\"off\" button_one_border_width__hover_enabled=\"off\" button_two_border_width__hover_enabled=\"off\" button_border_color__hover_enabled=\"off\" button_one_border_color__hover_enabled=\"off\" button_two_border_color__hover_enabled=\"off\" button_border_radius__hover_enabled=\"off\" button_one_border_radius__hover_enabled=\"off\" button_two_border_radius__hover_enabled=\"off\" button_letter_spacing__hover_enabled=\"on\" button_letter_spacing__hover=\"0\" button_one_letter_spacing__hover_enabled=\"off\" button_two_letter_spacing__hover_enabled=\"off\" button_bg_color__hover_enabled=\"off\" button_one_bg_color__hover_enabled=\"off\" button_two_bg_color__hover_enabled=\"off\"][et_pb_slide heading=\"L'\u00c9COLE\" use_bg_overlay=\"on\" bg_overlay_color=\"rgba(0,0,0,0.5)\" use_text_overlay=\"off\" _builder_version=\"4.22.2\" header_level=\"h2\" header_font=\"|600|||||||\" header_text_color=\"#E85342\" header_font_size=\"43px\" body_font=\"||||\" body_line_height=\"1.5em\" background_enable_color=\"off\" use_background_color_gradient=\"on\" background_color_gradient_stops=\"rgba(0,0,0,0.5) 1%|rgba(0,0,0,0.5) 100%\" background_color_gradient_overlays_image=\"on\" background_image=\"https:\/\/ecole-peg.ch\/wp-content\/uploads\/2023\/10\/breadcrumbs.jpg\" background_enable_image=\"on\" custom_button=\"on\" button_text_size=\"16\" button_text_color=\"#ffffff\" button_border_color=\"#ffffff\" button_font=\"||||\" button_use_icon=\"off\" custom_padding=\"||||false|false\" header_font_size_tablet=\"80px\" header_font_size_phone=\"50px\" header_font_size_last_edited=\"on|phone\" body_font_size_tablet=\"\" body_font_size_phone=\"\" body_font_size_last_edited=\"on|desktop\" button_text_size_tablet=\"16\" button_text_size_phone=\"16\" button_text_color_hover=\"#666666\" button_bg_color_hover=\"#ffffff\" global_colors_info=\"{}\" button_text_size__hover_enabled=\"off\" button_one_text_size__hover_enabled=\"off\" button_two_text_size__hover_enabled=\"off\" button_text_color__hover_enabled=\"on\" button_text_color__hover=\"#666666\" button_one_text_color__hover_enabled=\"off\" button_two_text_color__hover_enabled=\"off\" button_border_width__hover_enabled=\"off\" button_one_border_width__hover_enabled=\"off\" button_two_border_width__hover_enabled=\"off\" button_border_color__hover_enabled=\"off\" button_one_border_color__hover_enabled=\"off\" button_two_border_color__hover_enabled=\"off\" button_border_radius__hover_enabled=\"off\" button_one_border_radius__hover_enabled=\"off\" button_two_border_radius__hover_enabled=\"off\" button_letter_spacing__hover_enabled=\"off\" button_one_letter_spacing__hover_enabled=\"off\" button_two_letter_spacing__hover_enabled=\"off\" button_bg_color__hover_enabled=\"on\" button_bg_color__hover=\"#ffffff\" button_one_bg_color__hover_enabled=\"off\" button_two_bg_color__hover_enabled=\"off\" sticky_transition=\"on\"][\/et_pb_slide][\/et_pb_fullwidth_slider][\/et_pb_section][et_pb_section fb_built=\"1\" _builder_version=\"4.16\" transparent_background=\"off\" make_fullwidth=\"off\" use_custom_width=\"off\" width_unit=\"off\" custom_width_px=\"1080px\" custom_width_percent=\"80%\" global_colors_info=\"{}\"][et_pb_row column_structure=\"1_2,1_2\" _builder_version=\"4.22.2\" background_image=\"https:\/\/ecole-peg.ch\/wp-content\/uploads\/2023\/10\/bg_map.jpg\" background_size=\"initial\" background_position=\"top_left\" background_repeat=\"repeat\" width=\"100%\" custom_padding=\"33.859375px|0px|0px|0px\" make_fullwidth=\"off\" use_custom_width=\"off\" width_unit=\"off\" custom_width_px=\"1080px\" custom_width_percent=\"80%\" global_colors_info=\"{}\"][et_pb_column type=\"1_2\" _builder_version=\"4.16\" custom_padding=\"|||\" global_colors_info=\"{}\" custom_padding__hover=\"|||\"][et_pb_image src=\"https:\/\/ecole-peg.ch\/wp-content\/uploads\/2023\/10\/AdobeStock_98312732.png\" title_text=\"AdobeStock_98312732\" _builder_version=\"4.22.2\" _module_preset=\"default\" custom_margin=\"0px|0px|0px|0px|false|false\" custom_padding=\"0px|0px|0px|0px|false|false\" global_colors_info=\"{}\"][\/et_pb_image][\/et_pb_column][et_pb_column type=\"1_2\" _builder_version=\"4.22.2\" _module_preset=\"default\" global_colors_info=\"{}\"][et_pb_text _builder_version=\"4.22.2\" _module_preset=\"default\" header_6_font=\"|600|||||||\" header_6_text_color=\"#E85342\" global_colors_info=\"{}\"]\n<div class=\"special_heading\">\n<h6 class=\"text-left section_header\"><span class=\" bold text-uppercase\"><span class=\"heading_subtitle\">\u00c0 PROPOS<\/span><\/span><\/h6>\n<h3 class=\"text-left section_header\"><span class=\" bold text-uppercase\">L'\u00c9COLE<\/span><\/h3>\n<\/div>\nL\u2019\u00e9cole PEG est une \u00e9cole familiale fond\u00e9e en 1968\u00a0qui s\u2019est sp\u00e9cialis\u00e9e dans l\u2019enseignement du\u00a0Fran\u00e7ais Langue Etrang\u00e8re. R\u00e9put\u00e9e pour la qualit\u00e9 de son accueil et de son enseignement, notre \u00e9quipe\u00a0est compos\u00e9e de plusieurs\u00a0professeurs de fran\u00e7ais tous dipl\u00f4m\u00e9s et ayant plusieurs ann\u00e9es d\u2019exp\u00e9rience \u00e0 leur actif.\n\nL'\u00e9cole PEG est membre de l'<span class=\"il\">AGEP<\/span><span>\u00a0<\/span>(Association Genevoise des Ecoles Priv\u00e9es) et centre d'examens FIDE.\n\nLes points forts de notre enseignement sont :\n<ul>\n \t<li>notre expertise<\/li>\n \t<li>notre m\u00e9thode<\/li>\n \t<li>notre taux de r\u00e9ussite (100%)<\/li>\n<\/ul>\nNous accueillons des \u00e9tudiants en provenance du monde entier et cette diversit\u00e9 culturelle cr\u00e9e un climat particuli\u00e8rement chaleureux.\n\nNous offrons un accompagnement gratuit et personnalis\u00e9.\n\nL'\u00e9cole PEG vous assiste dans vos d\u00e9marches de demande de visa\/permis, de souscription \u00e0 une assurance maladie et recherche de logement. Nous vous inscrivons sans frais suppl\u00e9mentaires aux examens DELF\/DALF.\n\nNotre secr\u00e9tariat se tient \u00e0 votre disposition pour r\u00e9pondre \u00e0 toute demande d\u2019informations et vous offrir une aide personnalis\u00e9e.\n\n[\/et_pb_text][\/et_pb_column][\/et_pb_row][\/et_pb_section][et_pb_section fb_built=\"1\" _builder_version=\"4.16\" transparent_background=\"off\" make_fullwidth=\"off\" use_custom_width=\"off\" width_unit=\"off\" custom_width_px=\"1080px\" custom_width_percent=\"80%\" global_colors_info=\"{}\"][et_pb_row _builder_version=\"4.22.2\" _module_preset=\"default\" global_colors_info=\"{}\"][et_pb_column type=\"4_4\" _builder_version=\"4.22.2\" _module_preset=\"default\" global_colors_info=\"{}\"][et_pb_text _builder_version=\"4.22.2\" _module_preset=\"default\" header_2_font=\"|600|||||||\" header_2_font_size=\"34px\" global_colors_info=\"{}\"]\n<h2 style=\"text-align: center;\">CERTIFICATION<\/h2>\n[\/et_pb_text][\/et_pb_column][\/et_pb_row][et_pb_row column_structure=\"1_2,1_2\" _builder_version=\"4.22.2\" background_image=\"https:\/\/ecole-peg.ch\/wp-content\/uploads\/2023\/10\/bg_map.jpg\" background_size=\"initial\" background_position=\"top_left\" background_repeat=\"repeat\" width=\"100%\" custom_padding=\"33.859375px|0px|0px|0px\" make_fullwidth=\"off\" use_custom_width=\"off\" width_unit=\"off\" custom_width_px=\"1080px\" custom_width_percent=\"80%\" global_colors_info=\"{}\"][et_pb_column type=\"1_2\" _builder_version=\"4.16\" custom_padding=\"|||\" global_colors_info=\"{}\" custom_padding__hover=\"|||\"][et_pb_image src=\"https:\/\/ecole-peg.ch\/wp-content\/uploads\/2023\/10\/eduqua-300x200-1.png\" title_text=\"eduqua-300x200\" align=\"center\" _builder_version=\"4.22.2\" _module_preset=\"default\" custom_margin=\"0px|0px|0px|0px|false|false\" custom_padding=\"100px|0px|0px|0px|false|false\" global_colors_info=\"{}\"][\/et_pb_image][\/et_pb_column][et_pb_column type=\"1_2\" _builder_version=\"4.22.2\" _module_preset=\"default\" global_colors_info=\"{}\"][et_pb_text _builder_version=\"4.22.2\" _module_preset=\"default\" header_6_font=\"|600|||||||\" header_6_text_color=\"#E85342\" global_colors_info=\"{}\"]\n<div class=\"special_heading\">\n<h3>EduQua<\/h3>\nEduQua est la Certification Suisse de Qualit\u00e9 pour les institutions de formation continue.\nCe certificat a \u00e9t\u00e9 d\u00e9cern\u00e9 \u00e0 notre \u00e9tablissement pour toutes ses activit\u00e9s de formation continue.\nL\u2019Ecole PEG remplit ainsi tous les crit\u00e8res qualit\u00e9 requis.\n<h3>Notre promesse Qualit\u00e9<\/h3>\nL\u2019Ecole PEG s\u2019est engag\u00e9e depuis de nombreuses ann\u00e9es \u00e0 offrir un enseignement et des conditions d\u2019apprentissage de qualit\u00e9 afin d\u2019assurer \u00e0 ses \u00e9l\u00e8ves le plein succ\u00e8s.\nNous sommes aujourd\u2019hui certifi\u00e9s EduQua et nous mettons tout en \u0153uvre pour toujours am\u00e9liorer la qualit\u00e9 de nos prestations.\nLa certification EduQua est renouvel\u00e9e tous les trois ans avec un audit de contr\u00f4le annuel.\nL\u2019\u00e9tablissement, sa d\u00e9marche qualit\u00e9, la formation continue des intervenants, les m\u00e9thodes d\u2019enseignement et la satisfaction des apprenants sont \u00e9valu\u00e9s de mani\u00e8re tr\u00e8s pointue.\nLe contr\u00f4le annuel d\u2019EduQua est notre promesse que toutes nos prestations sont de qualit\u00e9.\n\n<\/div>\n[\/et_pb_text][\/et_pb_column][\/et_pb_row][\/et_pb_section][et_pb_section fb_built=\"1\" _builder_version=\"4.22.2\" _module_preset=\"default\" use_background_color_gradient=\"on\" background_color_gradient_stops=\"rgba(0,0,0,0.4) 0%|rgba(0,0,0,0.61) 100%\" background_color_gradient_overlays_image=\"on\" background_image=\"https:\/\/ecole-peg.ch\/wp-content\/uploads\/2023\/10\/course_cat_bg.jpg\" global_colors_info=\"{}\"][et_pb_row _builder_version=\"4.22.2\" _module_preset=\"default\" global_colors_info=\"{}\"][et_pb_column type=\"4_4\" _builder_version=\"4.22.2\" _module_preset=\"default\" global_colors_info=\"{}\"][et_pb_text _builder_version=\"4.22.2\" _module_preset=\"default\" header_2_font=\"|600|||||||\" header_2_text_align=\"center\" header_2_text_color=\"#FFFFFF\" header_2_font_size=\"34px\" global_colors_info=\"{}\"]\n<h2>TOUR VIRTUEL DE L'\u00c9COLE<\/h2>\n[\/et_pb_text][\/et_pb_column][\/et_pb_row][et_pb_row _builder_version=\"4.22.2\" _module_preset=\"default\" global_colors_info=\"{}\"][et_pb_column type=\"4_4\" _builder_version=\"4.22.2\" _module_preset=\"default\" global_colors_info=\"{}\"][et_pb_code _builder_version=\"4.22.2\" _module_preset=\"default\" global_colors_info=\"{}\"]<iframe style=\"border: 0;\" src=\"https:\/\/www.google.com\/maps\/embed?pb=!1m0!3m2!1sfr!2sch!4v1490784502890!6m8!1m7!1sE67PwL4g79sAAAQvOwGrNw!2m2!1d46.20350216553045!2d6.163141475987914!3f217!4f0!5f0.7820865974627469\" width=\"100%\" height=\"550\" frameborder=\"0\" allowfullscreen=\"allowfullscreen\"><\/iframe>[\/et_pb_code][\/et_pb_column][\/et_pb_row][\/et_pb_section]","_et_gb_content_width":"","footnotes":""},"class_list":["post-29668","page","type-page","status-publish","hentry"],"_links":{"self":[{"href":"https:\/\/ecole-peg.ch\/es\/wp-json\/wp\/v2\/pages\/29668","targetHints":{"allow":["GET"]}}],"collection":[{"href":"https:\/\/ecole-peg.ch\/es\/wp-json\/wp\/v2\/pages"}],"about":[{"href":"https:\/\/ecole-peg.ch\/es\/wp-json\/wp\/v2\/types\/page"}],"author":[{"embeddable":true,"href":"https:\/\/ecole-peg.ch\/es\/wp-json\/wp\/v2\/users\/1"}],"replies":[{"embeddable":true,"href":"https:\/\/ecole-peg.ch\/es\/wp-json\/wp\/v2\/comments?post=29668"}],"version-history":[{"count":1,"href":"https:\/\/ecole-peg.ch\/es\/wp-json\/wp\/v2\/pages\/29668\/revisions"}],"predecessor-version":[{"id":31835,"href":"https:\/\/ecole-peg.ch\/es\/wp-json\/wp\/v2\/pages\/29668\/revisions\/31835"}],"wp:attachment":[{"href":"https:\/\/ecole-peg.ch\/es\/wp-json\/wp\/v2\/media?parent=29668"}],"curies":[{"name":"wp","href":"https:\/\/api.w.org\/{rel}","templated":true}]}}