{"id":29620,"date":"2023-10-13T18:24:06","date_gmt":"2023-10-13T16:24:06","guid":{"rendered":"https:\/\/ecole-peg.ch\/?page_id=29620"},"modified":"2025-07-02T15:05:11","modified_gmt":"2025-07-02T13:05:11","slug":"swiss-certification","status":"publish","type":"page","link":"https:\/\/ecole-peg.ch\/en\/the-school\/swiss-certification\/","title":{"rendered":"SWISS CERTIFICATION"},"content":{"rendered":"<p>[et_pb_section fb_built=&#8221;1&#8243; fullwidth=&#8221;on&#8221; _builder_version=&#8221;4.22.2&#8243; _module_preset=&#8221;default&#8221; global_colors_info=&#8221;{}&#8221;][et_pb_fullwidth_header title=&#8221;SWISS CERTIFICATION&#8221; _builder_version=&#8221;4.23&#8243; _module_preset=&#8221;default&#8221; title_font=&#8221;|600||on|||||&#8221; title_text_align=&#8221;center&#8221; title_text_color=&#8221;#E85342&#8243; use_background_color_gradient=&#8221;on&#8221; background_color_gradient_stops=&#8221;rgba(0,0,0,0.48) 0%|rgba(0,0,0,0.51) 100%&#8221; background_color_gradient_overlays_image=&#8221;on&#8221; background_image=&#8221;https:\/\/ecole-peg.ch\/wp-content\/uploads\/2023\/10\/breadcrumbs.jpg&#8221; custom_padding=&#8221;100px||100px||false|false&#8221; global_colors_info=&#8221;{}&#8221;][\/et_pb_fullwidth_header][\/et_pb_section][et_pb_section fb_built=&#8221;1&#8243; _builder_version=&#8221;4.22.2&#8243; _module_preset=&#8221;default&#8221; global_colors_info=&#8221;{}&#8221;][et_pb_row column_structure=&#8221;2_5,3_5&#8243; _builder_version=&#8221;4.22.2&#8243; _module_preset=&#8221;default&#8221; global_colors_info=&#8221;{}&#8221;][et_pb_column type=&#8221;2_5&#8243; _builder_version=&#8221;4.22.2&#8243; _module_preset=&#8221;default&#8221; global_colors_info=&#8221;{}&#8221;][et_pb_image src=&#8221;https:\/\/ecole-peg.ch\/wp-content\/uploads\/2023\/10\/eduqua-300&#215;200-1.png&#8221; title_text=&#8221;eduqua-300&#215;200&#8243; _builder_version=&#8221;4.22.2&#8243; _module_preset=&#8221;default&#8221; global_colors_info=&#8221;{}&#8221;][\/et_pb_image][\/et_pb_column][et_pb_column type=&#8221;3_5&#8243; _builder_version=&#8221;4.22.2&#8243; _module_preset=&#8221;default&#8221; global_colors_info=&#8221;{}&#8221;][et_pb_text _builder_version=&#8221;4.27.4&#8243; _module_preset=&#8221;default&#8221; header_3_font=&#8221;|600|||||||&#8221; header_3_font_size=&#8221;26px&#8221; header_3_line_height=&#8221;1.5em&#8221; hover_enabled=&#8221;0&#8243; global_colors_info=&#8221;{}&#8221; text_font_size=&#8221;16px&#8221; sticky_enabled=&#8221;0&#8243;]<\/p>\n<h2>EduQua<\/h2>\n<p><span>EduQua is the Swiss quality certification for lifelong training institutions. The certificate was given to our school for the whole of its courses. Ecole PEG fulfils then all the quality requirements.<\/span><\/p>\n<h2>Our Quality Promise<\/h2>\n<p><span>Ecole PEG has been committed for many years to providing courses and learning conditions of high quality to ensure student success.<\/span><br \/><span>Today we are EduQua certified and we are endeavouring to always improve the quality of our services.<\/span><br \/><span>EduQua certification is renewed every three years and there is an Annual audit. There\u2019s a careful assessment of the institution, its quality approach, the teachers training, the teaching methods and the students satisfaction.<\/span><br \/><span>EduQua Annual audit is our promise that our courses and our services are of high quality.<\/span><\/p>\n<p>[\/et_pb_text][\/et_pb_column][\/et_pb_row][\/et_pb_section]<\/p>\n","protected":false},"excerpt":{"rendered":"<p>EduQua EduQua is the Swiss quality certification for lifelong training institutions. The certificate was given to our school for the whole of its courses. Ecole PEG fulfils then all the quality requirements. Our Quality Promise Ecole PEG has been committed for many years to providing courses and learning conditions of high quality to ensure student [&hellip;]<\/p>\n","protected":false},"author":1,"featured_media":0,"parent":29382,"menu_order":11,"comment_status":"closed","ping_status":"closed","template":"","meta":{"_et_pb_use_builder":"on","_et_pb_old_content":"[et_pb_section fb_built=\"1\" fullwidth=\"on\" _builder_version=\"4.22.2\" _module_preset=\"default\" global_colors_info=\"{}\" theme_builder_area=\"post_content\"][et_pb_fullwidth_header title=\"Certification Suisse\" _builder_version=\"4.22.2\" _module_preset=\"default\" title_font=\"|600||on|||||\" title_text_align=\"center\" title_text_color=\"#E85342\" use_background_color_gradient=\"on\" background_color_gradient_stops=\"rgba(0,0,0,0.48) 0%|rgba(0,0,0,0.51) 100%\" background_color_gradient_overlays_image=\"on\" background_image=\"https:\/\/ecole-peg.ch\/wp-content\/uploads\/2023\/10\/breadcrumbs.jpg\" custom_padding=\"100px||100px||false|false\" hover_enabled=\"0\" global_colors_info=\"{}\" theme_builder_area=\"post_content\" sticky_enabled=\"0\"][\/et_pb_fullwidth_header][\/et_pb_section][et_pb_section fb_built=\"1\" _builder_version=\"4.22.2\" _module_preset=\"default\" global_colors_info=\"{}\" theme_builder_area=\"post_content\"][et_pb_row _builder_version=\"4.22.2\" _module_preset=\"default\" global_colors_info=\"{}\" column_structure=\"2_5,3_5\" theme_builder_area=\"post_content\"][et_pb_column type=\"2_5\" _builder_version=\"4.22.2\" _module_preset=\"default\" global_colors_info=\"{}\" theme_builder_area=\"post_content\"][et_pb_image src=\"https:\/\/ecole-peg.ch\/wp-content\/uploads\/2023\/10\/eduqua-300x200-1.png\" _builder_version=\"4.22.2\" _module_preset=\"default\" theme_builder_area=\"post_content\" title_text=\"eduqua-300x200\" hover_enabled=\"0\" sticky_enabled=\"0\"][\/et_pb_image][\/et_pb_column][et_pb_column type=\"3_5\" _builder_version=\"4.22.2\" _module_preset=\"default\" global_colors_info=\"{}\" theme_builder_area=\"post_content\"][et_pb_text _builder_version=\"4.22.2\" _module_preset=\"default\" header_3_font=\"|600|||||||\" header_3_font_size=\"26px\" header_3_line_height=\"1.5em\" hover_enabled=\"0\" global_colors_info=\"{}\" theme_builder_area=\"post_content\" sticky_enabled=\"0\"]\n<h2>EduQua<\/h2>\nEduQua est la Certification Suisse de Qualit\u00e9 pour les institutions de formation continue.\nCe certificat a \u00e9t\u00e9 d\u00e9cern\u00e9 \u00e0 notre \u00e9tablissement pour toutes ses activit\u00e9s de formation continue.\nL\u2019Ecole PEG remplit ainsi tous les crit\u00e8res qualit\u00e9 requis.\n<h2>Notre promesse Qualit\u00e9<\/h2>\nL\u2019Ecole PEG s\u2019est engag\u00e9e depuis de nombreuses ann\u00e9es \u00e0 offrir un enseignement et des conditions d\u2019apprentissage de qualit\u00e9 afin d\u2019assurer \u00e0 ses \u00e9l\u00e8ves le plein succ\u00e8s.\nNous sommes aujourd\u2019hui certifi\u00e9s EduQua et nous mettons tout en \u0153uvre pour toujours am\u00e9liorer la qualit\u00e9 de nos prestations.\nLa certification EduQua est renouvel\u00e9e tous les trois ans avec un audit de contr\u00f4le annuel.\nL\u2019\u00e9tablissement, sa d\u00e9marche qualit\u00e9, la formation continue des intervenants, les m\u00e9thodes d\u2019enseignement et la satisfaction des apprenants sont \u00e9valu\u00e9s de mani\u00e8re tr\u00e8s pointue.\nLe contr\u00f4le annuel d\u2019EduQua est notre promesse que toutes nos prestations sont de qualit\u00e9.\n\n[\/et_pb_text][\/et_pb_column][\/et_pb_row][\/et_pb_section]","_et_gb_content_width":"","footnotes":""},"class_list":["post-29620","page","type-page","status-publish","hentry"],"_links":{"self":[{"href":"https:\/\/ecole-peg.ch\/en\/wp-json\/wp\/v2\/pages\/29620","targetHints":{"allow":["GET"]}}],"collection":[{"href":"https:\/\/ecole-peg.ch\/en\/wp-json\/wp\/v2\/pages"}],"about":[{"href":"https:\/\/ecole-peg.ch\/en\/wp-json\/wp\/v2\/types\/page"}],"author":[{"embeddable":true,"href":"https:\/\/ecole-peg.ch\/en\/wp-json\/wp\/v2\/users\/1"}],"replies":[{"embeddable":true,"href":"https:\/\/ecole-peg.ch\/en\/wp-json\/wp\/v2\/comments?post=29620"}],"version-history":[{"count":1,"href":"https:\/\/ecole-peg.ch\/en\/wp-json\/wp\/v2\/pages\/29620\/revisions"}],"predecessor-version":[{"id":31829,"href":"https:\/\/ecole-peg.ch\/en\/wp-json\/wp\/v2\/pages\/29620\/revisions\/31829"}],"up":[{"embeddable":true,"href":"https:\/\/ecole-peg.ch\/en\/wp-json\/wp\/v2\/pages\/29382"}],"wp:attachment":[{"href":"https:\/\/ecole-peg.ch\/en\/wp-json\/wp\/v2\/media?parent=29620"}],"curies":[{"name":"wp","href":"https:\/\/api.w.org\/{rel}","templated":true}]}}