{"id":29609,"date":"2023-10-13T18:16:22","date_gmt":"2023-10-13T16:16:22","guid":{"rendered":"https:\/\/ecole-peg.ch\/?page_id=29609"},"modified":"2025-07-02T15:04:32","modified_gmt":"2025-07-02T13:04:32","slug":"the-charter","status":"publish","type":"page","link":"https:\/\/ecole-peg.ch\/en\/the-school\/the-charter\/","title":{"rendered":"THE CHARTER"},"content":{"rendered":"<p>[et_pb_section fb_built=&#8221;1&#8243; fullwidth=&#8221;on&#8221; _builder_version=&#8221;4.22.2&#8243; _module_preset=&#8221;default&#8221; global_colors_info=&#8221;{}&#8221;][et_pb_fullwidth_header title=&#8221;THE CHARTER&#8221; _builder_version=&#8221;4.23&#8243; _module_preset=&#8221;default&#8221; title_font=&#8221;|600||on|||||&#8221; title_text_align=&#8221;center&#8221; title_text_color=&#8221;#E85342&#8243; use_background_color_gradient=&#8221;on&#8221; background_color_gradient_stops=&#8221;rgba(0,0,0,0.48) 0%|rgba(0,0,0,0.51) 100%&#8221; background_color_gradient_overlays_image=&#8221;on&#8221; background_image=&#8221;https:\/\/ecole-peg.ch\/wp-content\/uploads\/2023\/10\/breadcrumbs.jpg&#8221; custom_padding=&#8221;100px||100px||false|false&#8221; global_colors_info=&#8221;{}&#8221;][\/et_pb_fullwidth_header][\/et_pb_section][et_pb_section fb_built=&#8221;1&#8243; _builder_version=&#8221;4.22.2&#8243; _module_preset=&#8221;default&#8221; global_colors_info=&#8221;{}&#8221;][et_pb_row _builder_version=&#8221;4.22.2&#8243; _module_preset=&#8221;default&#8221; global_colors_info=&#8221;{}&#8221;][et_pb_column type=&#8221;4_4&#8243; _builder_version=&#8221;4.22.2&#8243; _module_preset=&#8221;default&#8221; global_colors_info=&#8221;{}&#8221;][et_pb_text _builder_version=&#8221;4.27.4&#8243; _module_preset=&#8221;default&#8221; header_3_font=&#8221;|600|||||||&#8221; header_3_font_size=&#8221;26px&#8221; header_3_line_height=&#8221;1.5em&#8221; hover_enabled=&#8221;0&#8243; global_colors_info=&#8221;{}&#8221; text_font_size=&#8221;16px&#8221; sticky_enabled=&#8221;0&#8243;]<\/p>\n<p>Throughout its history, Ecole PEG developed its own philosophy and values making it a renowned and highly regarded institution.<\/p>\n<p>&nbsp;<\/p>\n<h2><strong>Our values<\/strong><\/h2>\n<ul>\n<li>A personalized assistance (each student is different, his needs and expectations are addressed on a case by case basis).<\/li>\n<li>Respect (we care about the students\u2019 personal history, their life conditions, their possibilities and limits and their learning pace).<\/li>\n<li>Availability (any time, students may need help and advice from the Directors, teachers and school staff. The PEG team is there to serve them whenever they want).<\/li>\n<li>Quality of services (when the students are enrolled, they immediately place confidence in our experience and expertise. It is our duty to ensure classes and learning conditions meeting their expectations).<\/li>\n<li>Conviviality (the school is a place to live \u2013 The sense of well-being and security must prevail. Conviviality encourages effective learning).<\/li>\n<li>Openness and integration (pluralism of backgrounds and cultural diversity are wealth and allow dialogues, cultural identities and values respect. It encourages integration in our society).<\/li>\n<\/ul>\n<p>&nbsp;<\/p>\n<h3><strong>Our pedagogical project<\/strong><\/h3>\n<ul>\n<li>We are working on developing students\u2019 skills and on allowing them to acquire knowledge in French as a foreign language through a wide range of courses, adapted to their expectations, in order to reach the training objectives within the deadlines set by the CEFR, Common European Framework of Reference<\/li>\n<li>We are committed to excellence in our pedagogical project.<\/li>\n<\/ul>\n<p>&nbsp;<\/p>\n<h2><strong>Our commitments<\/strong><strong><\/strong><\/h2>\n<ul>\n<li>To our students, we are committed to providing quality services, to making every effort to reach fixed objectives and success in exams, to offer a pleasant and convivial learning environment.<\/li>\n<li>To our colleagues, we are committed to ensuring correct and pleasant working conditions, to allowing career enhancement by contributing to the vocational training so that quality of our teaching can be improved.<\/li>\n<li>To our partners, we are committed to working together in a spirit of trust, to sharing our experience and expertise, to working in accordance with the philosophy and values of each other.<\/li>\n<\/ul>\n<p>[\/et_pb_text][\/et_pb_column][\/et_pb_row][\/et_pb_section]<\/p>\n","protected":false},"excerpt":{"rendered":"<p>Throughout its history, Ecole PEG developed its own philosophy and values making it a renowned and highly regarded institution. &nbsp; Our values A personalized assistance (each student is different, his needs and expectations are addressed on a case by case basis). Respect (we care about the students\u2019 personal history, their life conditions, their possibilities and [&hellip;]<\/p>\n","protected":false},"author":1,"featured_media":0,"parent":29382,"menu_order":0,"comment_status":"closed","ping_status":"closed","template":"","meta":{"_et_pb_use_builder":"on","_et_pb_old_content":"[et_pb_section fb_built=\"1\" fullwidth=\"on\" theme_builder_area=\"post_content\" _builder_version=\"4.22.2\" _module_preset=\"default\"][et_pb_fullwidth_header title=\"La Charte\" _builder_version=\"4.22.2\" _module_preset=\"default\" theme_builder_area=\"post_content\" title_text=\"breadcrumbs\" background_image=\"https:\/\/ecole-peg.ch\/wp-content\/uploads\/2023\/10\/breadcrumbs.jpg\" use_background_color_gradient=\"on\" background_color_gradient_stops=\"rgba(0,0,0,0.48) 0%|rgba(0,0,0,0.51) 100%\" background_color_gradient_overlays_image=\"on\" title_font=\"|600||on|||||\" title_text_align=\"center\" title_text_color=\"#E85342\" custom_padding=\"100px||100px||false|false\" hover_enabled=\"0\" sticky_enabled=\"0\"][\/et_pb_fullwidth_header][\/et_pb_section][et_pb_section fb_built=\"1\" theme_builder_area=\"post_content\" _builder_version=\"4.22.2\" _module_preset=\"default\"][et_pb_row _builder_version=\"4.22.2\" _module_preset=\"default\" theme_builder_area=\"post_content\"][et_pb_column _builder_version=\"4.22.2\" _module_preset=\"default\" type=\"4_4\" theme_builder_area=\"post_content\"][et_pb_text _builder_version=\"4.22.2\" _module_preset=\"default\" theme_builder_area=\"post_content\" header_3_font=\"|600|||||||\" header_3_font_size=\"26px\" header_3_line_height=\"1.5em\" hover_enabled=\"0\" sticky_enabled=\"0\"]\n\nA travers son histoire, l\u2019\u00e9cole PEG a d\u00e9velopp\u00e9 sa propre philosophie et ses valeurs qui font d\u2019elle une institution renomm\u00e9e et appr\u00e9ci\u00e9e.\n<h3>Nos valeurs<\/h3>\n<ul>\n \t<li><strong>L\u2019accompagnement personnalis\u00e9<\/strong>\u00a0<em>(chaque apprenant est diff\u00e9rent, les besoins et les attentes sont examin\u00e9s au cas par cas).<\/em><\/li>\n \t<li><strong>Le respect<\/strong>\u00a0<em>(nous tenons compte de l\u2019histoire personnelle de nos apprenants, de leurs conditions de vie, de leurs possibilit\u00e9s et de leurs limites ainsi que de leur rythme d\u2019apprentissage).<\/em><\/li>\n \t<li><strong>La disponibilit\u00e9<\/strong>\u00a0<em>(\u00e0 tout moment, l\u2019apprenant peut avoir besoin de l\u2019aide et des conseils des directeurs, de ses professeurs et du personnel administratif). L\u2019\u00e9quipe PEG est au service des apprenants quand ils le souhaitent.<\/em><\/li>\n \t<li><strong>La qualit\u00e9 des prestations<\/strong>\u00a0<em>(quand l\u2019apprenant s\u2019inscrit \u00e0 une de nos formations, il nous fait confiance d\u2019embl\u00e9e. Nous avons le devoir de lui offrir des cours et des conditions d\u2019apprentissage \u00e0 la mesure de ses attentes).<\/em><\/li>\n \t<li><strong>La convivialit\u00e9<\/strong>\u00a0<em>(l\u2019\u00e9cole est un lieu de vie o\u00f9 le sentiment de bien-\u00eatre et de s\u00e9curit\u00e9 doit pr\u00e9valoir\u00a0; La convivialit\u00e9 favorise un apprentissage efficace).<\/em><\/li>\n \t<li><strong>L\u2019ouverture et l\u2019int\u00e9gration<\/strong>\u00a0<em>(le pluralisme des origines et des cultures est une richesse et permet le dialogue, le respect des identit\u00e9s et des valeurs culturelles. Il favorise l\u2019int\u00e9gration dans notre soci\u00e9t\u00e9).<\/em><\/li>\n<\/ul>\n&nbsp;\n<h3>Notre projet p\u00e9dagogique<\/h3>\n<ul>\n \t<li>Nous \u0153uvrons \u00e0 d\u00e9velopper les comp\u00e9tences des apprenants et leur permettre d\u2019acqu\u00e9rir des connaissances en Fran\u00e7ais Langue Etrang\u00e8re \u00e0 travers des offres de formation diversifi\u00e9es, ad\u00e9quates et adapt\u00e9es \u00e0 leurs attentes afin d\u2019atteindre les objectifs de formation dans les d\u00e9lais fix\u00e9s ;<\/li>\n \t<li>Nous visons l\u2019excellence dans notre projet p\u00e9dagogique.<\/li>\n<\/ul>\n&nbsp;\n<h3>Nos engagements<\/h3>\n<ul>\n \t<li>Aux\u00a0<strong>apprenants<\/strong>, nous nous engageons \u00e0 proposer des prestations de qualit\u00e9, de tout mettre en \u0153uvre pour leur permettre d\u2019atteindre les objectifs fix\u00e9s et leur garantir la r\u00e9ussite aux examens, de leur offrir un apprentissage dans un environnement agr\u00e9able et convivial.<\/li>\n \t<li>Aux\u00a0<strong>collaborateurs<\/strong>, nous nous engageons \u00e0 leur assurer des conditions de travail correctes et plaisantes, \u00e0 leur permettre un \u00e9panouissement professionnel en contribuant \u00e0 la formation continue afin d\u2019am\u00e9liorer ainsi la qualit\u00e9 des formations dans notre institution.<\/li>\n \t<li>Aux\u00a0<strong>partenaires<\/strong>, nous nous engageons \u00e0 collaborer en toute confiance, \u00e0 \u00e9changer sur nos exp\u00e9riences, \u00e0 travailler dans le respect de la philosophie et des valeurs de chacun.<\/li>\n<\/ul>\n&nbsp;\n\nT\u00e9l\u00e9charger la version en\u00a0<a href=\"https:\/\/www.ecole-peg.ch\/wp-content\/uploads\/2016\/12\/Charte-institutionnelle.pdf\" target=\"_blank\" rel=\"noopener\">PDF<\/a>.\n\n[\/et_pb_text][\/et_pb_column][\/et_pb_row][\/et_pb_section]","_et_gb_content_width":"","footnotes":""},"class_list":["post-29609","page","type-page","status-publish","hentry"],"_links":{"self":[{"href":"https:\/\/ecole-peg.ch\/en\/wp-json\/wp\/v2\/pages\/29609","targetHints":{"allow":["GET"]}}],"collection":[{"href":"https:\/\/ecole-peg.ch\/en\/wp-json\/wp\/v2\/pages"}],"about":[{"href":"https:\/\/ecole-peg.ch\/en\/wp-json\/wp\/v2\/types\/page"}],"author":[{"embeddable":true,"href":"https:\/\/ecole-peg.ch\/en\/wp-json\/wp\/v2\/users\/1"}],"replies":[{"embeddable":true,"href":"https:\/\/ecole-peg.ch\/en\/wp-json\/wp\/v2\/comments?post=29609"}],"version-history":[{"count":1,"href":"https:\/\/ecole-peg.ch\/en\/wp-json\/wp\/v2\/pages\/29609\/revisions"}],"predecessor-version":[{"id":31828,"href":"https:\/\/ecole-peg.ch\/en\/wp-json\/wp\/v2\/pages\/29609\/revisions\/31828"}],"up":[{"embeddable":true,"href":"https:\/\/ecole-peg.ch\/en\/wp-json\/wp\/v2\/pages\/29382"}],"wp:attachment":[{"href":"https:\/\/ecole-peg.ch\/en\/wp-json\/wp\/v2\/media?parent=29609"}],"curies":[{"name":"wp","href":"https:\/\/api.w.org\/{rel}","templated":true}]}}