{"id":29432,"date":"2023-10-09T19:55:34","date_gmt":"2023-10-09T17:55:34","guid":{"rendered":"https:\/\/ecole-peg.ch\/?page_id=29432"},"modified":"2025-07-02T15:19:49","modified_gmt":"2025-07-02T13:19:49","slug":"usefull-information","status":"publish","type":"page","link":"https:\/\/ecole-peg.ch\/en\/usefull-information\/","title":{"rendered":"USEFUL INFORMATION"},"content":{"rendered":"<p>[et_pb_section fb_built=&#8221;1&#8243; admin_label=&#8221;section&#8221; _builder_version=&#8221;4.22.2&#8243; use_background_color_gradient=&#8221;on&#8221; background_color_gradient_stops=&#8221;rgba(0,0,0,0.46) 0%|rgba(0,0,0,0.52) 100%&#8221; background_color_gradient_overlays_image=&#8221;on&#8221; background_image=&#8221;https:\/\/ecole-peg.ch\/wp-content\/uploads\/2023\/10\/breadcrumbs.jpg&#8221; global_colors_info=&#8221;{}&#8221;][et_pb_row admin_label=&#8221;row&#8221; _builder_version=&#8221;4.16&#8243; background_size=&#8221;initial&#8221; background_position=&#8221;top_left&#8221; background_repeat=&#8221;repeat&#8221; global_colors_info=&#8221;{}&#8221;][et_pb_column type=&#8221;4_4&#8243; _builder_version=&#8221;4.16&#8243; custom_padding=&#8221;|||&#8221; global_colors_info=&#8221;{}&#8221; custom_padding__hover=&#8221;|||&#8221;][et_pb_text admin_label=&#8221;Text&#8221; _builder_version=&#8221;4.23&#8243; header_font=&#8221;|600||on|||||&#8221; header_text_align=&#8221;center&#8221; header_text_color=&#8221;#E85342&#8243; background_size=&#8221;initial&#8221; background_position=&#8221;top_left&#8221; background_repeat=&#8221;repeat&#8221; custom_padding=&#8221;50px||50px||false|false&#8221; global_colors_info=&#8221;{}&#8221;]<\/p>\n<h1>Useful information<\/h1>\n<p>[\/et_pb_text][\/et_pb_column][\/et_pb_row][\/et_pb_section][et_pb_section fb_built=&#8221;1&#8243; _builder_version=&#8221;4.22.2&#8243; _module_preset=&#8221;default&#8221; global_colors_info=&#8221;{}&#8221;][et_pb_row column_structure=&#8221;1_2,1_2&#8243; _builder_version=&#8221;4.22.2&#8243; _module_preset=&#8221;default&#8221; global_colors_info=&#8221;{}&#8221;][et_pb_column type=&#8221;1_2&#8243; _builder_version=&#8221;4.22.2&#8243; _module_preset=&#8221;default&#8221; global_colors_info=&#8221;{}&#8221;][et_pb_text _builder_version=&#8221;4.27.4&#8243; _module_preset=&#8221;default&#8221; header_4_font=&#8221;|600|||||||&#8221; header_4_font_size=&#8221;26px&#8221; hover_enabled=&#8221;0&#8243; global_colors_info=&#8221;{}&#8221; text_font_size=&#8221;16px&#8221; sticky_enabled=&#8221;0&#8243;]<\/p>\n<h4><strong>The school<\/strong><\/h4>\n<p>Rue du Nant 34<br \/>1207 Gen\u00e8ve<\/p>\n<p>Less than 15 minutes from the Eaux-Vives train station (L\u00e9man Express)<\/p>\n<p>&nbsp;<\/p>\n<h4>How to find us :<\/h4>\n<p><strong>By train:\u00a0<\/strong><\/p>\n<p>L\u00e9man Express<\/p>\n<p><strong>By Tram<\/strong>\u00a0:<\/p>\n<p>12, 17 and 21 : stop Gen\u00e8ve-Eaux-Vives-Gare<\/p>\n<p><strong>By Bus<\/strong><span>\u00a0<\/span>:<\/p>\n<p>1 and 9 : stop 31 d\u00e9cembre<br \/>2, 6, E and G : stop Vollandes<\/p>\n<p>[\/et_pb_text][\/et_pb_column][et_pb_column type=&#8221;1_2&#8243; _builder_version=&#8221;4.22.2&#8243; _module_preset=&#8221;default&#8221; global_colors_info=&#8221;{}&#8221;][et_pb_code _builder_version=&#8221;4.22.2&#8243; _module_preset=&#8221;default&#8221; global_colors_info=&#8221;{}&#8221;]<iframe loading=\"lazy\" style=\"border: 0;\" src=\"https:\/\/www.google.com\/maps\/embed?pb=!1m14!1m8!1m3!1d5522.70985550063!2d6.163051!3d46.203394!3m2!1i1024!2i768!4f13.1!3m3!1m2!1s0x0%3A0x4cb34c21a277440f!2sEcole+PEG!5e0!3m2!1sfr!2sch!4v1562144881935!5m2!1sfr!2sch\" width=\"100%\" height=\"450\" frameborder=\"0\" allowfullscreen=\"allowfullscreen\"><\/iframe>[\/et_pb_code][\/et_pb_column][\/et_pb_row][\/et_pb_section][et_pb_section fb_built=&#8221;1&#8243; _builder_version=&#8221;4.22.2&#8243; _module_preset=&#8221;default&#8221; global_colors_info=&#8221;{}&#8221;][et_pb_row _builder_version=&#8221;4.22.2&#8243; _module_preset=&#8221;default&#8221; global_colors_info=&#8221;{}&#8221; custom_margin=&#8221;-31px|auto||auto||&#8221;][et_pb_column type=&#8221;4_4&#8243; _builder_version=&#8221;4.22.2&#8243; _module_preset=&#8221;default&#8221; global_colors_info=&#8221;{}&#8221;][et_pb_text _builder_version=&#8221;4.27.4&#8243; _module_preset=&#8221;default&#8221; header_4_font=&#8221;|600|||||||&#8221; header_4_text_align=&#8221;center&#8221; header_4_font_size=&#8221;26px&#8221; header_5_text_align=&#8221;center&#8221; header_5_font_size=&#8221;20px&#8221; header_6_font_size=&#8221;16px&#8221; hover_enabled=&#8221;0&#8243; global_colors_info=&#8221;{}&#8221; sticky_enabled=&#8221;0&#8243;]<\/p>\n<h4><strong>Your entry to Switzerland<\/strong><\/h4>\n<h5><strong>Residence permit and health insurance<\/strong><\/h5>\n<p>[\/et_pb_text][\/et_pb_column][\/et_pb_row][et_pb_row _builder_version=&#8221;4.27.4&#8243; _module_preset=&#8221;default&#8221; column_structure=&#8221;2_5,3_5&#8243;][et_pb_column _builder_version=&#8221;4.27.4&#8243; _module_preset=&#8221;default&#8221; type=&#8221;2_5&#8243;][et_pb_image src=&#8221;https:\/\/ecole-peg.ch\/wp-content\/uploads\/2023\/10\/course_cat_bg.jpg&#8221; _builder_version=&#8221;4.27.4&#8243; _module_preset=&#8221;default&#8221; title_text=&#8221;course_cat_bg&#8221; hover_enabled=&#8221;0&#8243; sticky_enabled=&#8221;0&#8243;][\/et_pb_image][\/et_pb_column][et_pb_column _builder_version=&#8221;4.27.4&#8243; _module_preset=&#8221;default&#8221; type=&#8221;3_5&#8243;][et_pb_text _builder_version=&#8221;4.27.4&#8243; _module_preset=&#8221;default&#8221; text_font_size=&#8221;16px&#8221; hover_enabled=&#8221;0&#8243; sticky_enabled=&#8221;0&#8243;]<\/p>\n<p>Conditions for issuing student visa\/permit are not the same whether your country is member of EU\/AELE or of a third country.<\/p>\n<p>If you are a national of a<span>\u00a0<\/span><a href=\"https:\/\/www.sem.admin.ch\/sem\/en\/home\/themen\/fza_schweiz-eu-efta\/eu-efta_buerger_schweiz.html\" target=\"_blank\" rel=\"noopener\">EU\/AELE country<\/a>, you don\u2019t need a visa to enter Switzerland.<\/p>\n<p>You are asked to take the <a href=\"https:\/\/www.ge.ch\/demander-permis-sejour-etudiant\/je-suis-ressortissant-pays-membre-ue-aele\">necessary steps<\/a>\u00a0to the cantonal authorities as soon as you arrive to Geneva.<\/p>\n<p>If you are a national of a third country, you should send your demand to the Swiss embassy in your country.<\/p>\n<p>[\/et_pb_text][\/et_pb_column][\/et_pb_row][et_pb_row _builder_version=&#8221;4.27.4&#8243; _module_preset=&#8221;default&#8221;][et_pb_column _builder_version=&#8221;4.27.4&#8243; _module_preset=&#8221;default&#8221; type=&#8221;4_4&#8243;][et_pb_text _builder_version=&#8221;4.27.4&#8243; _module_preset=&#8221;default&#8221; text_font_size=&#8221;16px&#8221; hover_enabled=&#8221;0&#8243; sticky_enabled=&#8221;0&#8243;]<\/p>\n<p>The required documents can be different from a country to another. Please visit the website of the Swiss embassy in your country to enquire about all the procedure.<\/p>\n<p>Start preparing your documents well in advance.<span>\u00a0<\/span><u>The response may take 12 to 16 weeks<\/u>. You have to wait for the Swiss authorities answer to your visa demand in your country.<\/p>\n<p>[\/et_pb_text][\/et_pb_column][\/et_pb_row][et_pb_row _builder_version=&#8221;4.27.4&#8243; _module_preset=&#8221;default&#8221; column_structure=&#8221;3_5,2_5&#8243; custom_margin=&#8221;-12px|auto||auto||&#8221;][et_pb_column _builder_version=&#8221;4.27.4&#8243; _module_preset=&#8221;default&#8221; type=&#8221;3_5&#8243;][et_pb_text _builder_version=&#8221;4.27.4&#8243; _module_preset=&#8221;default&#8221; text_font_size=&#8221;16px&#8221; hover_enabled=&#8221;0&#8243; sticky_enabled=&#8221;0&#8243;]<\/p>\n<h4><strong>In practice, how to do ?<\/strong><\/h4>\n<p><img decoding=\"async\" class=\"alignright size-medium wp-image-562\" src=\"https:\/\/www.ecole-peg.ch\/wp-content\/uploads\/2017\/11\/typo_2.jpg\" alt=\"\" \/><\/p>\n<p>You have first to enroll in a course of 20 hours per week.<\/p>\n<p>Our<span>\u00a0<\/span><strong>Intensive French course<\/strong><span>\u00a0<\/span>meets this requirement. At the time of enrollment, you\u2019ll be asked to pay the registration fees (CHF 100). The registration certificate and the study plan, require<span>d for your visa demand, will be issued on receipt of your payment.<\/span><\/p>\n<p>When all the documents are ready, you can send your application to the Swiss embassy. Our team is available to assist you if you need a last verification of your documents.<\/p>\n<p>[\/et_pb_text][\/et_pb_column][et_pb_column _builder_version=&#8221;4.27.4&#8243; _module_preset=&#8221;default&#8221; type=&#8221;2_5&#8243;][et_pb_image src=&#8221;https:\/\/ecole-peg.ch\/wp-content\/uploads\/2023\/10\/typo_2.jpg&#8221; _builder_version=&#8221;4.27.4&#8243; _module_preset=&#8221;default&#8221; title_text=&#8221;typo_2&#8243; hover_enabled=&#8221;0&#8243; sticky_enabled=&#8221;0&#8243;][\/et_pb_image][\/et_pb_column][\/et_pb_row][et_pb_row _builder_version=&#8221;4.27.4&#8243; _module_preset=&#8221;default&#8221; custom_padding=&#8221;8px|||||&#8221; custom_margin=&#8221;7px|auto||auto||&#8221;][et_pb_column _builder_version=&#8221;4.27.4&#8243; _module_preset=&#8221;default&#8221; type=&#8221;4_4&#8243;][et_pb_text _builder_version=&#8221;4.27.4&#8243; _module_preset=&#8221;default&#8221; text_font_size=&#8221;16px&#8221; hover_enabled=&#8221;0&#8243; sticky_enabled=&#8221;0&#8243;]<\/p>\n<h4><strong>You got your visa and you are already in Switzerland ?<\/strong><\/h4>\n<p>You must have an insurance for medical care and accidents. It is really important to do it in Switzerland because the cost of health care is extremely high. Students are offered competitive prices.\u00a0 You may be exempted if you have an international insurance covering the costs of medical care in<span>\u00a0<\/span><span>Switzerland.<\/span><\/p>\n<p><u>You can get a list of students\u2019 insurances at the school desk<\/u>.<\/p>\n<p>&nbsp;<\/p>\n<h4><strong>Accomodation<\/strong><\/h4>\n<p>The school does not provide accomodation but you may want to have a look at this link\u00a0:<\/p>\n<p><a href=\"https:\/\/www.geneve.ch\/fr\/public\/jeunes\/trouver-logement\">https:\/\/www.geneve.ch\/fr\/public\/jeunes\/trouver-logement<\/a><\/p>\n<p>[\/et_pb_text][\/et_pb_column][\/et_pb_row][\/et_pb_section]<\/p>\n","protected":false},"excerpt":{"rendered":"<p>Useful informationThe school Rue du Nant 341207 Gen\u00e8ve Less than 15 minutes from the Eaux-Vives train station (L\u00e9man Express) &nbsp; How to find us : By train:\u00a0 L\u00e9man Express By Tram\u00a0: 12, 17 and 21 : stop Gen\u00e8ve-Eaux-Vives-Gare By Bus\u00a0: 1 and 9 : stop 31 d\u00e9cembre2, 6, E and G : stop VollandesYour entry [&hellip;]<\/p>\n","protected":false},"author":1,"featured_media":0,"parent":0,"menu_order":44,"comment_status":"closed","ping_status":"closed","template":"","meta":{"_et_pb_use_builder":"on","_et_pb_old_content":"[et_pb_section fb_built=\"1\" admin_label=\"section\" _builder_version=\"4.22.2\" hover_enabled=\"0\" global_colors_info=\"{}\" title_text=\"breadcrumbs\" background_image=\"https:\/\/ecole-peg.ch\/wp-content\/uploads\/2023\/10\/breadcrumbs.jpg\" use_background_color_gradient=\"on\" background_color_gradient_stops=\"rgba(0,0,0,0.46) 0%|rgba(0,0,0,0.52) 100%\" background_color_gradient_overlays_image=\"on\" sticky_enabled=\"0\"][et_pb_row admin_label=\"row\" _builder_version=\"4.16\" background_size=\"initial\" background_position=\"top_left\" background_repeat=\"repeat\" global_colors_info=\"{}\"][et_pb_column type=\"4_4\" _builder_version=\"4.16\" custom_padding=\"|||\" global_colors_info=\"{}\" custom_padding__hover=\"|||\"][et_pb_text admin_label=\"Text\" _builder_version=\"4.22.2\" background_size=\"initial\" background_position=\"top_left\" background_repeat=\"repeat\" hover_enabled=\"0\" global_colors_info=\"{}\" header_font=\"|600||on|||||\" header_text_align=\"center\" header_text_color=\"#E85342\" custom_padding=\"50px||50px||false|false\" sticky_enabled=\"0\"]\n<h1>Infos Pratiques<\/h1>\n[\/et_pb_text][\/et_pb_column][\/et_pb_row][\/et_pb_section][et_pb_section fb_built=\"1\" theme_builder_area=\"post_content\" _builder_version=\"4.22.2\" _module_preset=\"default\"][et_pb_row _builder_version=\"4.22.2\" _module_preset=\"default\" column_structure=\"1_2,1_2\" theme_builder_area=\"post_content\"][et_pb_column _builder_version=\"4.22.2\" _module_preset=\"default\" type=\"1_2\" theme_builder_area=\"post_content\"][et_pb_text _builder_version=\"4.22.2\" _module_preset=\"default\" theme_builder_area=\"post_content\" header_4_font_size=\"26px\" header_4_font=\"|600|||||||\" hover_enabled=\"0\" sticky_enabled=\"0\"]\n<h4><strong>L\u2019\u00e9cole<\/strong><\/h4>\nRue du Nant 34\n1207 Gen\u00e8ve\n\n\u00c0 moins de 15 minutes de la gare des Eaux-Vives (L\u00e9man Express)\n\n&nbsp;\n<h4>Comment s\u2019y rendre\u00a0:<\/h4>\n<strong>Train:\u00a0<\/strong>\n\nL\u00e9man Express\n\n<strong>Tram<\/strong>\u00a0:\n\nLignes 12, 17 et 21 : arr\u00eat Gen\u00e8ve-Eaux-Vives-Gare\n\n<strong>Bus<\/strong><span>\u00a0<\/span>:\n\nLignes 1 et 9: arr\u00eat 31 d\u00e9cembre\nLignes 2, 6, E et G : arr\u00eat Vollandes\n\n[\/et_pb_text][\/et_pb_column][et_pb_column _builder_version=\"4.22.2\" _module_preset=\"default\" type=\"1_2\" theme_builder_area=\"post_content\"][et_pb_code _builder_version=\"4.22.2\" _module_preset=\"default\" theme_builder_area=\"post_content\" hover_enabled=\"0\" sticky_enabled=\"0\"]<iframe style=\"border: 0;\" src=\"https:\/\/www.google.com\/maps\/embed?pb=!1m14!1m8!1m3!1d5522.70985550063!2d6.163051!3d46.203394!3m2!1i1024!2i768!4f13.1!3m3!1m2!1s0x0%3A0x4cb34c21a277440f!2sEcole+PEG!5e0!3m2!1sfr!2sch!4v1562144881935!5m2!1sfr!2sch\" width=\"100%\" height=\"450\" frameborder=\"0\" allowfullscreen=\"allowfullscreen\"><\/iframe>[\/et_pb_code][\/et_pb_column][\/et_pb_row][\/et_pb_section][et_pb_section fb_built=\"1\" theme_builder_area=\"post_content\" _builder_version=\"4.22.2\" _module_preset=\"default\"][et_pb_row _builder_version=\"4.22.2\" _module_preset=\"default\" theme_builder_area=\"post_content\"][et_pb_column _builder_version=\"4.22.2\" _module_preset=\"default\" type=\"4_4\" theme_builder_area=\"post_content\"][et_pb_text _builder_version=\"4.22.2\" _module_preset=\"default\" theme_builder_area=\"post_content\" header_4_text_align=\"center\" header_4_font=\"|600|||||||\" header_4_font_size=\"26px\" header_5_text_align=\"center\" header_5_font_size=\"20px\" header_6_font_size=\"16px\" hover_enabled=\"0\" sticky_enabled=\"0\"]\n<h4>Mon s\u00e9jour en Suisse<\/h4>\n<h5>Autorisation de s\u00e9jour et assurance-maladie<\/h5>\n&nbsp;\n\n<img src=\"https:\/\/ecole-peg.ch\/wp-content\/uploads\/2023\/10\/course_cat_bg-300x186.jpg\" width=\"300\" height=\"186\" alt=\"\" class=\"wp-image-28862 alignnone size-medium\" style=\"float: left;\" \/>Les conditions d\u2019octroi du visa\/permis \u00e9tudiant ne sont pas les m\u00eames pour les ressortissants de l\u2019UE\/AELE et les ressortissants des \u00ab\u00a0Etats Tiers\u00a0\u00bb.\n\nSi vous \u00eates originaire d\u2019un<span>\u00a0<\/span><a href=\"https:\/\/www.sem.admin.ch\/sem\/fr\/home\/themen\/fza_schweiz-eu-efta\/eu-efta_buerger_schweiz.html\" target=\"_blank\" rel=\"noopener\">pays membre de l\u2019UE\/AELE<\/a>, vous n\u2019avez pas besoin d\u2019un visa pour venir en Suisse.\n\nD\u00e8s votre arriv\u00e9e \u00e0 Gen\u00e8ve, vous devez effectuer les<span>\u00a0<\/span><a href=\"https:\/\/www.ge.ch\/demander-permis-sejour-etudiant\/je-suis-ressortissant-pays-membre-ueaele\" target=\"_blank\" rel=\"noopener\">d\u00e9marches n\u00e9cessaires<\/a>\u00a0aupr\u00e8s des autorit\u00e9s cantonales.\n\nSi vous \u00eates originaire d\u2019un pays hors UE\/AELE, vous devez vous adresser \u00e0 la repr\u00e9sentation suisse de votre lieu de r\u00e9sidence.\n\nVous devez joindre \u00e0 votre demande un certain nombre de documents et justificatifs qui peuvent varier en fonction du pays. Nous vous conseillons donc de consulter le site internet de la repr\u00e9sentation suisse de votre lieu de r\u00e9sidence pour conna\u00eetre le d\u00e9tail de la proc\u00e9dure.\n\n&nbsp;\n\n<img src=\"https:\/\/ecole-peg.ch\/wp-content\/uploads\/2023\/10\/typo_2-300x200.jpg\" width=\"300\" height=\"200\" alt=\"\" class=\"wp-image-29221 alignnone size-medium\" style=\"float: right;\" \/>Entamez vos d\u00e9marches suffisamment \u00e0 l\u2019avance.<span>\u00a0<\/span><u>Le d\u00e9lai de r\u00e9ponse varie entre 12 et 16 semaines<\/u>. Vous devez attendre la r\u00e9ponse des autorit\u00e9s suisses \u00e0 votre demande de visa dans votre pays.\n<h6><strong>Concr\u00e8tement, comment s\u2019y prendre\u00a0?<\/strong><\/h6>\nTout d\u2019abord, vous devez vous inscrire \u00e0 un cours de 20 heures par semaine.\n\nNotre cours de<span>\u00a0<\/span><strong>Fran\u00e7ais intensif<\/strong><span>\u00a0<\/span>correspond \u00e0 cette exigence. Au moment de l\u2019inscription, vous devez vous acquitter des frais d\u2019inscription de CHF 100. L\u2019attestation d\u2019admissibilit\u00e9 ainsi que le plan d\u2019\u00e9tudes, n\u00e9cessaires \u00e0 votre demande de visa, seront d\u00e9livr\u00e9s d\u00e8s r\u00e9ception de votre paiement.\n\nUne fois votre dossier constitu\u00e9, vous \u00eates pr\u00eat \u00e0 soumettre votre demande au consulat suisse. Notre \u00e9quipe se tient \u00e0 votre disposition pour vous aider \u00e0 constituer votre dossier.\n<h6><strong>Vous avez obtenu votre autorisation de s\u00e9jour et vous \u00eates d\u00e9j\u00e0 en Suisse\u00a0?<\/strong><\/h6>\nVous devez souscrire une assurance pour les soins en cas de maladie et d\u2019accident. Il est tr\u00e8s important de le faire car en Suisse le co\u00fbt de la sant\u00e9 est extr\u00eamement \u00e9lev\u00e9. En tant qu\u2019\u00e9tudiant, vous b\u00e9n\u00e9ficierez d\u2019un tarif avantageux.\u00a0 Vous pouvez aussi demander une dispense \u00e0 l\u2019obligation d\u2019assurance maladie si vous b\u00e9n\u00e9ficiez d\u2019une assurance internationale avec une couverture \u00e9quivalente \u00e0 ce qui est exig\u00e9 pour les traitements en Suisse.\n\n<u>Une liste des assurances pour \u00e9tudiants est disponible aupr\u00e8s de notre secr\u00e9tariat<\/u>.\n<h6><strong>Logement<\/strong><\/h6>\nL\u2019\u00e9cole ne met pas de logement \u00e0 la disposition de ses \u00e9l\u00e8ves mais vous propose de consulter le lien suivant\u00a0:\n\n<a href=\"https:\/\/www.geneve.ch\/fr\/public\/jeunes\/trouver-logement\">https:\/\/www.geneve.ch\/fr\/public\/jeunes\/trouver-logement<\/a>\n\n[\/et_pb_text][\/et_pb_column][\/et_pb_row][\/et_pb_section]","_et_gb_content_width":"","footnotes":""},"class_list":["post-29432","page","type-page","status-publish","hentry"],"_links":{"self":[{"href":"https:\/\/ecole-peg.ch\/en\/wp-json\/wp\/v2\/pages\/29432","targetHints":{"allow":["GET"]}}],"collection":[{"href":"https:\/\/ecole-peg.ch\/en\/wp-json\/wp\/v2\/pages"}],"about":[{"href":"https:\/\/ecole-peg.ch\/en\/wp-json\/wp\/v2\/types\/page"}],"author":[{"embeddable":true,"href":"https:\/\/ecole-peg.ch\/en\/wp-json\/wp\/v2\/users\/1"}],"replies":[{"embeddable":true,"href":"https:\/\/ecole-peg.ch\/en\/wp-json\/wp\/v2\/comments?post=29432"}],"version-history":[{"count":1,"href":"https:\/\/ecole-peg.ch\/en\/wp-json\/wp\/v2\/pages\/29432\/revisions"}],"predecessor-version":[{"id":31833,"href":"https:\/\/ecole-peg.ch\/en\/wp-json\/wp\/v2\/pages\/29432\/revisions\/31833"}],"wp:attachment":[{"href":"https:\/\/ecole-peg.ch\/en\/wp-json\/wp\/v2\/media?parent=29432"}],"curies":[{"name":"wp","href":"https:\/\/api.w.org\/{rel}","templated":true}]}}