{"id":29382,"date":"2017-02-16T09:16:01","date_gmt":"2017-02-16T08:16:01","guid":{"rendered":"https:\/\/ecole-peg.ch\/?page_id=29382"},"modified":"2025-07-02T15:01:50","modified_gmt":"2025-07-02T13:01:50","slug":"the-school","status":"publish","type":"page","link":"https:\/\/ecole-peg.ch\/en\/the-school\/","title":{"rendered":"THE SCHOOL"},"content":{"rendered":"<p>[et_pb_section fb_built=&#8221;1&#8243; fullwidth=&#8221;on&#8221; admin_label=&#8221;Section&#8221; _builder_version=&#8221;4.16&#8243; custom_padding=&#8221;0px|0px|0px|0px&#8221; transparent_background=&#8221;off&#8221; make_fullwidth=&#8221;off&#8221; use_custom_width=&#8221;off&#8221; width_unit=&#8221;off&#8221; custom_width_px=&#8221;1080px&#8221; custom_width_percent=&#8221;80%&#8221; global_colors_info=&#8221;{}&#8221;][et_pb_fullwidth_slider admin_label=&#8221;Curseur de d\u00e9filement plein \u00e9cran&#8221; _builder_version=&#8221;4.23&#8243; custom_padding=&#8221;100px||100px||false|false&#8221; custom_padding_tablet=&#8221;|||&#8221; custom_padding_phone=&#8221;|||&#8221; remove_inner_shadow=&#8221;on&#8221; hide_content_on_mobile=&#8221;off&#8221; hide_cta_on_mobile=&#8221;off&#8221; show_inner_shadow=&#8221;off&#8221; button_letter_spacing_hover=&#8221;0&#8243; global_colors_info=&#8221;{}&#8221; button_text_size__hover_enabled=&#8221;off&#8221; button_one_text_size__hover_enabled=&#8221;off&#8221; button_two_text_size__hover_enabled=&#8221;off&#8221; button_text_color__hover_enabled=&#8221;off&#8221; button_one_text_color__hover_enabled=&#8221;off&#8221; button_two_text_color__hover_enabled=&#8221;off&#8221; button_border_width__hover_enabled=&#8221;off&#8221; button_one_border_width__hover_enabled=&#8221;off&#8221; button_two_border_width__hover_enabled=&#8221;off&#8221; button_border_color__hover_enabled=&#8221;off&#8221; button_one_border_color__hover_enabled=&#8221;off&#8221; button_two_border_color__hover_enabled=&#8221;off&#8221; button_border_radius__hover_enabled=&#8221;off&#8221; button_one_border_radius__hover_enabled=&#8221;off&#8221; button_two_border_radius__hover_enabled=&#8221;off&#8221; button_letter_spacing__hover_enabled=&#8221;on&#8221; button_letter_spacing__hover=&#8221;0&#8243; button_one_letter_spacing__hover_enabled=&#8221;off&#8221; button_two_letter_spacing__hover_enabled=&#8221;off&#8221; button_bg_color__hover_enabled=&#8221;off&#8221; button_one_bg_color__hover_enabled=&#8221;off&#8221; button_two_bg_color__hover_enabled=&#8221;off&#8221;][et_pb_slide heading=&#8221;THE SCHOOL&#8221; use_bg_overlay=&#8221;on&#8221; bg_overlay_color=&#8221;rgba(0,0,0,0.5)&#8221; use_text_overlay=&#8221;off&#8221; _builder_version=&#8221;4.23&#8243; header_level=&#8221;h2&#8243; header_font=&#8221;|600|||||||&#8221; header_text_color=&#8221;#E85342&#8243; header_font_size=&#8221;43px&#8221; body_font=&#8221;||||&#8221; body_line_height=&#8221;1.5em&#8221; background_enable_color=&#8221;off&#8221; use_background_color_gradient=&#8221;on&#8221; background_color_gradient_stops=&#8221;rgba(0,0,0,0.5) 1%|rgba(0,0,0,0.5) 100%&#8221; background_color_gradient_overlays_image=&#8221;on&#8221; background_image=&#8221;https:\/\/ecole-peg.ch\/wp-content\/uploads\/2023\/10\/breadcrumbs.jpg&#8221; background_enable_image=&#8221;on&#8221; custom_button=&#8221;on&#8221; button_text_size=&#8221;16&#8243; button_text_color=&#8221;#ffffff&#8221; button_border_color=&#8221;#ffffff&#8221; button_font=&#8221;||||&#8221; button_use_icon=&#8221;off&#8221; custom_padding=&#8221;||||false|false&#8221; header_font_size_tablet=&#8221;80px&#8221; header_font_size_phone=&#8221;50px&#8221; header_font_size_last_edited=&#8221;on|phone&#8221; body_font_size_tablet=&#8221;&#8221; body_font_size_phone=&#8221;&#8221; body_font_size_last_edited=&#8221;on|desktop&#8221; button_text_size_tablet=&#8221;16&#8243; button_text_size_phone=&#8221;16&#8243; button_text_color_hover=&#8221;#666666&#8243; button_bg_color_hover=&#8221;#ffffff&#8221; global_colors_info=&#8221;{}&#8221; button_text_size__hover_enabled=&#8221;off&#8221; button_one_text_size__hover_enabled=&#8221;off&#8221; button_two_text_size__hover_enabled=&#8221;off&#8221; button_text_color__hover_enabled=&#8221;on&#8221; button_text_color__hover=&#8221;#666666&#8243; button_one_text_color__hover_enabled=&#8221;off&#8221; button_two_text_color__hover_enabled=&#8221;off&#8221; button_border_width__hover_enabled=&#8221;off&#8221; button_one_border_width__hover_enabled=&#8221;off&#8221; button_two_border_width__hover_enabled=&#8221;off&#8221; button_border_color__hover_enabled=&#8221;off&#8221; button_one_border_color__hover_enabled=&#8221;off&#8221; button_two_border_color__hover_enabled=&#8221;off&#8221; button_border_radius__hover_enabled=&#8221;off&#8221; button_one_border_radius__hover_enabled=&#8221;off&#8221; button_two_border_radius__hover_enabled=&#8221;off&#8221; button_letter_spacing__hover_enabled=&#8221;off&#8221; button_one_letter_spacing__hover_enabled=&#8221;off&#8221; button_two_letter_spacing__hover_enabled=&#8221;off&#8221; button_bg_color__hover_enabled=&#8221;on&#8221; button_bg_color__hover=&#8221;#ffffff&#8221; button_one_bg_color__hover_enabled=&#8221;off&#8221; button_two_bg_color__hover_enabled=&#8221;off&#8221; sticky_transition=&#8221;on&#8221;][\/et_pb_slide][\/et_pb_fullwidth_slider][\/et_pb_section][et_pb_section fb_built=&#8221;1&#8243; _builder_version=&#8221;4.16&#8243; transparent_background=&#8221;off&#8221; make_fullwidth=&#8221;off&#8221; use_custom_width=&#8221;off&#8221; width_unit=&#8221;off&#8221; custom_width_px=&#8221;1080px&#8221; custom_width_percent=&#8221;80%&#8221; global_colors_info=&#8221;{}&#8221;][et_pb_row column_structure=&#8221;1_2,1_2&#8243; _builder_version=&#8221;4.22.2&#8243; background_image=&#8221;https:\/\/ecole-peg.ch\/wp-content\/uploads\/2023\/10\/bg_map.jpg&#8221; background_size=&#8221;initial&#8221; background_position=&#8221;top_left&#8221; background_repeat=&#8221;repeat&#8221; width=&#8221;100%&#8221; custom_padding=&#8221;33.859375px|0px|0px|0px&#8221; make_fullwidth=&#8221;off&#8221; use_custom_width=&#8221;off&#8221; width_unit=&#8221;off&#8221; custom_width_px=&#8221;1080px&#8221; custom_width_percent=&#8221;80%&#8221; global_colors_info=&#8221;{}&#8221;][et_pb_column type=&#8221;1_2&#8243; _builder_version=&#8221;4.16&#8243; custom_padding=&#8221;|||&#8221; global_colors_info=&#8221;{}&#8221; custom_padding__hover=&#8221;|||&#8221;][et_pb_image src=&#8221;https:\/\/ecole-peg.ch\/wp-content\/uploads\/2023\/10\/AdobeStock_98312732.png&#8221; title_text=&#8221;AdobeStock_98312732&#8243; _builder_version=&#8221;4.22.2&#8243; _module_preset=&#8221;default&#8221; custom_margin=&#8221;0px|0px|0px|0px|false|false&#8221; custom_padding=&#8221;0px|0px|0px|0px|false|false&#8221; global_colors_info=&#8221;{}&#8221;][\/et_pb_image][\/et_pb_column][et_pb_column type=&#8221;1_2&#8243; _builder_version=&#8221;4.22.2&#8243; _module_preset=&#8221;default&#8221; global_colors_info=&#8221;{}&#8221;][et_pb_text _builder_version=&#8221;4.27.4&#8243; _module_preset=&#8221;default&#8221; header_6_font=&#8221;|600|||||||&#8221; header_6_text_color=&#8221;#E85342&#8243; hover_enabled=&#8221;0&#8243; global_colors_info=&#8221;{}&#8221; text_font_size=&#8221;16px&#8221; sticky_enabled=&#8221;0&#8243;]<\/p>\n<div class=\"special_heading\">\n<div class=\"special_heading\">\n<h6 class=\"text-left section_header\"><span class=\" bold text-uppercase\"><span class=\"heading_subtitle\">ABOUT<\/span><\/span><\/h6>\n<h3 class=\"text-left section_header\"><span class=\" bold text-uppercase\">THE SCHOOL<\/span><\/h3>\n<\/div>\n<p>Ecole PEG is a family school which has been created in 1968 and has specialized in teaching the French language as a foreign language. Ecole PEG is known for its warm welcome and its quality trainers&#8217; team with many years experience.<\/p>\n<p>Ecole PEG is member of\u00a0<span class=\"il\">AGEP (Swiss Federation of Private Schools).\u00a0<\/span><\/p>\n<p>Our strengths are:<\/p>\n<ul>\n<li>Our expertise<\/li>\n<li>Our method<\/li>\n<li>Our success rate (100%)<\/li>\n<\/ul>\n<p>We offer a free and personalised assistance (student permit, health insurance, accomodation).<\/p>\n<p>The school helps you registering for the DELF\/DALF exams without additional cost.<\/p>\n<p>We have students coming from all over the world which creates a particular warm atmosphere.<\/p>\n<p>If you need further information, contact us. We can provide personalized assistance<\/p>\n<\/div>\n<p>[\/et_pb_text][\/et_pb_column][\/et_pb_row][\/et_pb_section][et_pb_section fb_built=&#8221;1&#8243; _builder_version=&#8221;4.16&#8243; transparent_background=&#8221;off&#8221; make_fullwidth=&#8221;off&#8221; use_custom_width=&#8221;off&#8221; width_unit=&#8221;off&#8221; custom_width_px=&#8221;1080px&#8221; custom_width_percent=&#8221;80%&#8221; global_colors_info=&#8221;{}&#8221;][et_pb_row _builder_version=&#8221;4.22.2&#8243; _module_preset=&#8221;default&#8221; global_colors_info=&#8221;{}&#8221;][et_pb_column type=&#8221;4_4&#8243; _builder_version=&#8221;4.22.2&#8243; _module_preset=&#8221;default&#8221; global_colors_info=&#8221;{}&#8221;][et_pb_text _builder_version=&#8221;4.22.2&#8243; _module_preset=&#8221;default&#8221; header_2_font=&#8221;|600|||||||&#8221; header_2_font_size=&#8221;34px&#8221; global_colors_info=&#8221;{}&#8221;]<\/p>\n<h2 style=\"text-align: center;\">CERTIFICATION<\/h2>\n<p>[\/et_pb_text][\/et_pb_column][\/et_pb_row][et_pb_row column_structure=&#8221;1_2,1_2&#8243; _builder_version=&#8221;4.22.2&#8243; background_image=&#8221;https:\/\/ecole-peg.ch\/wp-content\/uploads\/2023\/10\/bg_map.jpg&#8221; background_size=&#8221;initial&#8221; background_position=&#8221;top_left&#8221; background_repeat=&#8221;repeat&#8221; width=&#8221;100%&#8221; custom_padding=&#8221;33.859375px|0px|0px|0px&#8221; make_fullwidth=&#8221;off&#8221; use_custom_width=&#8221;off&#8221; width_unit=&#8221;off&#8221; custom_width_px=&#8221;1080px&#8221; custom_width_percent=&#8221;80%&#8221; global_colors_info=&#8221;{}&#8221;][et_pb_column type=&#8221;1_2&#8243; _builder_version=&#8221;4.16&#8243; custom_padding=&#8221;|||&#8221; global_colors_info=&#8221;{}&#8221; custom_padding__hover=&#8221;|||&#8221;][et_pb_image src=&#8221;https:\/\/ecole-peg.ch\/wp-content\/uploads\/2023\/10\/eduqua-300&#215;200-1.png&#8221; title_text=&#8221;eduqua-300&#215;200&#8243; align=&#8221;center&#8221; _builder_version=&#8221;4.22.2&#8243; _module_preset=&#8221;default&#8221; custom_margin=&#8221;0px|0px|0px|0px|false|false&#8221; custom_padding=&#8221;100px|0px|0px|0px|false|false&#8221; global_colors_info=&#8221;{}&#8221;][\/et_pb_image][\/et_pb_column][et_pb_column type=&#8221;1_2&#8243; _builder_version=&#8221;4.22.2&#8243; _module_preset=&#8221;default&#8221; global_colors_info=&#8221;{}&#8221;][et_pb_text _builder_version=&#8221;4.27.4&#8243; _module_preset=&#8221;default&#8221; header_6_font=&#8221;|600|||||||&#8221; header_6_text_color=&#8221;#E85342&#8243; hover_enabled=&#8221;0&#8243; global_colors_info=&#8221;{}&#8221; text_font_size=&#8221;16px&#8221; sticky_enabled=&#8221;0&#8243;]<\/p>\n<div class=\"special_heading\">\n<h3>EduQua<\/h3>\n<p>EduQua is the Swiss quality certification for lifelong training institutions. The certificate was given to our school for the whole of its courses. Ecole PEG fulfils then all the quality requirements.<\/p>\n<h3>Our Quality promise<\/h3>\n<p>Ecole PEG has been committed for many years to providing courses and learning conditions of high quality to ensure student success.<br \/>Today we are EduQua certified and we are endeavouring to always improve the quality of our services.<br \/>EduQua certification is renewed every three years and there is an Annual audit. There\u2019s a careful assessment of the institution, its quality approach, the teachers training, the teaching methods and the students satisfaction.<br \/>EduQua Annual audit is our promise that our courses and our services are of high quality.<\/p>\n<\/div>\n<p>[\/et_pb_text][\/et_pb_column][\/et_pb_row][\/et_pb_section][et_pb_section fb_built=&#8221;1&#8243; _builder_version=&#8221;4.22.2&#8243; _module_preset=&#8221;default&#8221; use_background_color_gradient=&#8221;on&#8221; background_color_gradient_stops=&#8221;rgba(0,0,0,0.4) 0%|rgba(0,0,0,0.61) 100%&#8221; background_color_gradient_overlays_image=&#8221;on&#8221; background_image=&#8221;https:\/\/ecole-peg.ch\/wp-content\/uploads\/2023\/10\/course_cat_bg.jpg&#8221; global_colors_info=&#8221;{}&#8221;][et_pb_row _builder_version=&#8221;4.22.2&#8243; _module_preset=&#8221;default&#8221; global_colors_info=&#8221;{}&#8221;][et_pb_column type=&#8221;4_4&#8243; _builder_version=&#8221;4.22.2&#8243; _module_preset=&#8221;default&#8221; global_colors_info=&#8221;{}&#8221;][et_pb_text _builder_version=&#8221;4.23&#8243; _module_preset=&#8221;default&#8221; header_2_font=&#8221;|600|||||||&#8221; header_2_text_align=&#8221;center&#8221; header_2_text_color=&#8221;#FFFFFF&#8221; header_2_font_size=&#8221;34px&#8221; global_colors_info=&#8221;{}&#8221;]<\/p>\n<h2>VIRTUAL TOUR OF THE SCHOOL<\/h2>\n<p>[\/et_pb_text][\/et_pb_column][\/et_pb_row][et_pb_row _builder_version=&#8221;4.22.2&#8243; _module_preset=&#8221;default&#8221; global_colors_info=&#8221;{}&#8221;][et_pb_column type=&#8221;4_4&#8243; _builder_version=&#8221;4.22.2&#8243; _module_preset=&#8221;default&#8221; global_colors_info=&#8221;{}&#8221;][et_pb_code _builder_version=&#8221;4.22.2&#8243; _module_preset=&#8221;default&#8221; global_colors_info=&#8221;{}&#8221;]<iframe loading=\"lazy\" style=\"border: 0;\" src=\"https:\/\/www.google.com\/maps\/embed?pb=!1m0!3m2!1sfr!2sch!4v1490784502890!6m8!1m7!1sE67PwL4g79sAAAQvOwGrNw!2m2!1d46.20350216553045!2d6.163141475987914!3f217!4f0!5f0.7820865974627469\" width=\"100%\" height=\"550\" frameborder=\"0\" allowfullscreen=\"allowfullscreen\"><\/iframe>[\/et_pb_code][\/et_pb_column][\/et_pb_row][\/et_pb_section]<\/p>\n","protected":false},"excerpt":{"rendered":"<p>ABOUT THE SCHOOL Ecole PEG is a family school which has been created in 1968 and has specialized in teaching the French language as a foreign language. Ecole PEG is known for its warm welcome and its quality trainers&#8217; team with many years experience. Ecole PEG is member of\u00a0AGEP (Swiss Federation of Private Schools).\u00a0 Our [&hellip;]<\/p>\n","protected":false},"author":1,"featured_media":0,"parent":0,"menu_order":22,"comment_status":"closed","ping_status":"closed","template":"","meta":{"_et_pb_use_builder":"on","_et_pb_old_content":"[et_pb_section fb_built=\"1\" fullwidth=\"on\" admin_label=\"Section\" _builder_version=\"4.16\" custom_padding=\"0px|0px|0px|0px\" hover_enabled=\"0\" transparent_background=\"off\" make_fullwidth=\"off\" use_custom_width=\"off\" width_unit=\"off\" custom_width_px=\"1080px\" custom_width_percent=\"80%\" global_colors_info=\"{}\" sticky_enabled=\"0\"][et_pb_fullwidth_slider admin_label=\"Curseur de d\u00e9filement plein \u00e9cran\" _builder_version=\"4.22.2\" custom_padding=\"100px||100px||false|false\" custom_padding_tablet=\"|||\" custom_padding_phone=\"|||\" hover_enabled=\"0\" remove_inner_shadow=\"on\" hide_content_on_mobile=\"off\" hide_cta_on_mobile=\"off\" show_inner_shadow=\"off\" button_letter_spacing_hover=\"0\" global_colors_info=\"{}\" button_text_size__hover_enabled=\"off\" button_one_text_size__hover_enabled=\"off\" button_two_text_size__hover_enabled=\"off\" button_text_color__hover_enabled=\"off\" button_one_text_color__hover_enabled=\"off\" button_two_text_color__hover_enabled=\"off\" button_border_width__hover_enabled=\"off\" button_one_border_width__hover_enabled=\"off\" button_two_border_width__hover_enabled=\"off\" button_border_color__hover_enabled=\"off\" button_one_border_color__hover_enabled=\"off\" button_two_border_color__hover_enabled=\"off\" button_border_radius__hover_enabled=\"off\" button_one_border_radius__hover_enabled=\"off\" button_two_border_radius__hover_enabled=\"off\" button_letter_spacing__hover_enabled=\"on\" button_letter_spacing__hover=\"0\" button_one_letter_spacing__hover_enabled=\"off\" button_two_letter_spacing__hover_enabled=\"off\" button_bg_color__hover_enabled=\"off\" button_one_bg_color__hover_enabled=\"off\" button_two_bg_color__hover_enabled=\"off\" sticky_enabled=\"0\"][et_pb_slide heading=\"L'\u00c9COLE\" use_bg_overlay=\"on\" bg_overlay_color=\"rgba(0,0,0,0.5)\" use_text_overlay=\"off\" _builder_version=\"4.22.2\" header_font=\"|600|||||||\" header_font_size=\"43px\" body_font=\"||||\" body_line_height=\"1.5em\" background_image=\"https:\/\/ecole-peg.ch\/wp-content\/uploads\/2023\/10\/breadcrumbs.jpg\" custom_button=\"on\" button_text_size=\"16\" button_text_color=\"#ffffff\" button_border_color=\"#ffffff\" button_font=\"||||\" button_use_icon=\"off\" hover_enabled=\"0\" header_font_size_tablet=\"80px\" header_font_size_phone=\"50px\" header_font_size_last_edited=\"on|phone\" body_font_size_tablet=\"\" body_font_size_phone=\"\" body_font_size_last_edited=\"on|desktop\" button_text_size_tablet=\"16\" button_text_size_phone=\"16\" button_text_color_hover=\"#666666\" button_bg_color_hover=\"#ffffff\" global_colors_info=\"{}\" sticky_transition=\"on\" button_text_size__hover_enabled=\"off\" button_one_text_size__hover_enabled=\"off\" button_two_text_size__hover_enabled=\"off\" button_text_color__hover_enabled=\"on\" button_text_color__hover=\"#666666\" button_one_text_color__hover_enabled=\"off\" button_two_text_color__hover_enabled=\"off\" button_border_width__hover_enabled=\"off\" button_one_border_width__hover_enabled=\"off\" button_two_border_width__hover_enabled=\"off\" button_border_color__hover_enabled=\"off\" button_one_border_color__hover_enabled=\"off\" button_two_border_color__hover_enabled=\"off\" button_border_radius__hover_enabled=\"off\" button_one_border_radius__hover_enabled=\"off\" button_two_border_radius__hover_enabled=\"off\" button_letter_spacing__hover_enabled=\"off\" button_one_letter_spacing__hover_enabled=\"off\" button_two_letter_spacing__hover_enabled=\"off\" button_bg_color__hover_enabled=\"on\" button_bg_color__hover=\"#ffffff\" button_one_bg_color__hover_enabled=\"off\" button_two_bg_color__hover_enabled=\"off\" title_text=\"breadcrumbs\" background_enable_image=\"on\" header_level=\"h2\" header_text_color=\"#E85342\" custom_padding=\"||||false|false\" sticky_enabled=\"0\" use_background_color_gradient=\"on\" background_color_gradient_stops=\"rgba(0,0,0,0.5) 1%|rgba(0,0,0,0.5) 100%\" background_color_gradient_overlays_image=\"on\" background_enable_color=\"off\"][\/et_pb_slide][\/et_pb_fullwidth_slider][\/et_pb_section][et_pb_section fb_built=\"1\" _builder_version=\"4.16\" transparent_background=\"off\" make_fullwidth=\"off\" use_custom_width=\"off\" width_unit=\"off\" custom_width_px=\"1080px\" custom_width_percent=\"80%\" global_colors_info=\"{}\"][et_pb_row _builder_version=\"4.22.2\" background_size=\"initial\" background_position=\"top_left\" background_repeat=\"repeat\" custom_padding=\"33.859375px|0px|0px|0px\" hover_enabled=\"0\" make_fullwidth=\"off\" use_custom_width=\"off\" width_unit=\"off\" custom_width_px=\"1080px\" custom_width_percent=\"80%\" global_colors_info=\"{}\" column_structure=\"1_2,1_2\" width=\"100%\" sticky_enabled=\"0\" title_text=\"bg_map\" background_image=\"https:\/\/ecole-peg.ch\/wp-content\/uploads\/2023\/10\/bg_map.jpg\"][et_pb_column type=\"1_2\" _builder_version=\"4.16\" custom_padding=\"|||\" global_colors_info=\"{}\" custom_padding__hover=\"|||\"][et_pb_image src=\"https:\/\/ecole-peg.ch\/wp-content\/uploads\/2023\/10\/AdobeStock_98312732.png\" _builder_version=\"4.22.2\" _module_preset=\"default\" title_text=\"AdobeStock_98312732\" hover_enabled=\"0\" sticky_enabled=\"0\" custom_margin=\"0px|0px|0px|0px|false|false\" custom_padding=\"0px|0px|0px|0px|false|false\"][\/et_pb_image][\/et_pb_column][et_pb_column _builder_version=\"4.22.2\" _module_preset=\"default\" type=\"1_2\" hover_enabled=\"0\" sticky_enabled=\"0\"][et_pb_text _builder_version=\"4.22.2\" _module_preset=\"default\" header_6_text_color=\"#E85342\" header_6_font=\"|600|||||||\" hover_enabled=\"0\" sticky_enabled=\"0\"]\n<div class=\"special_heading\">\n<h6 class=\"text-left section_header\"><span class=\" bold text-uppercase\"><span class=\"heading_subtitle\">\u00c0 PROPOS<\/span><\/span><\/h6>\n<h3 class=\"text-left section_header\"><span class=\" bold text-uppercase\">L'\u00c9COLE<\/span><\/h3>\n<\/div>\nL\u2019\u00e9cole PEG est une \u00e9cole familiale fond\u00e9e en 1968\u00a0qui s\u2019est sp\u00e9cialis\u00e9e dans l\u2019enseignement du\u00a0Fran\u00e7ais Langue Etrang\u00e8re. R\u00e9put\u00e9e pour la qualit\u00e9 de son accueil et de son enseignement, notre \u00e9quipe\u00a0est compos\u00e9e de plusieurs\u00a0professeurs de fran\u00e7ais tous dipl\u00f4m\u00e9s et ayant plusieurs ann\u00e9es d\u2019exp\u00e9rience \u00e0 leur actif.\n\nL'\u00e9cole PEG est membre de l'<span class=\"il\">AGEP<\/span><span>\u00a0<\/span>(Association Genevoise des Ecoles Priv\u00e9es) et centre d'examens FIDE.\n\nLes points forts de notre enseignement sont :\n<ul>\n \t<li>notre expertise<\/li>\n \t<li>notre m\u00e9thode<\/li>\n \t<li>notre taux de r\u00e9ussite (100%)<\/li>\n<\/ul>\nNous accueillons des \u00e9tudiants en provenance du monde entier et cette diversit\u00e9 culturelle cr\u00e9e un climat particuli\u00e8rement chaleureux.\n\nNous offrons un accompagnement gratuit et personnalis\u00e9.\n\nL'\u00e9cole PEG vous assiste dans vos d\u00e9marches de demande de visa\/permis, de souscription \u00e0 une assurance maladie et recherche de logement. Nous vous inscrivons sans frais suppl\u00e9mentaires aux examens DELF\/DALF.\n\nNotre secr\u00e9tariat se tient \u00e0 votre disposition pour r\u00e9pondre \u00e0 toute demande d\u2019informations et vous offrir une aide personnalis\u00e9e.\n\n[\/et_pb_text][\/et_pb_column][\/et_pb_row][\/et_pb_section][et_pb_section fb_built=\"1\" _builder_version=\"4.16\" transparent_background=\"off\" make_fullwidth=\"off\" use_custom_width=\"off\" width_unit=\"off\" custom_width_px=\"1080px\" custom_width_percent=\"80%\" global_colors_info=\"{}\"][et_pb_row _builder_version=\"4.22.2\" _module_preset=\"default\"][et_pb_column _builder_version=\"4.22.2\" _module_preset=\"default\" type=\"4_4\"][et_pb_text _builder_version=\"4.22.2\" _module_preset=\"default\" header_2_font=\"|600|||||||\" header_2_font_size=\"34px\" hover_enabled=\"0\" sticky_enabled=\"0\"]\n<h2 style=\"text-align: center;\">CERTIFICATION<\/h2>\n[\/et_pb_text][\/et_pb_column][\/et_pb_row][et_pb_row _builder_version=\"4.22.2\" background_size=\"initial\" background_position=\"top_left\" background_repeat=\"repeat\" custom_padding=\"33.859375px|0px|0px|0px\" hover_enabled=\"0\" make_fullwidth=\"off\" use_custom_width=\"off\" width_unit=\"off\" custom_width_px=\"1080px\" custom_width_percent=\"80%\" global_colors_info=\"{}\" column_structure=\"1_2,1_2\" width=\"100%\" sticky_enabled=\"0\" title_text=\"bg_map\" background_image=\"https:\/\/ecole-peg.ch\/wp-content\/uploads\/2023\/10\/bg_map.jpg\"][et_pb_column type=\"1_2\" _builder_version=\"4.16\" custom_padding=\"|||\" global_colors_info=\"{}\" custom_padding__hover=\"|||\"][et_pb_image src=\"https:\/\/ecole-peg.ch\/wp-content\/uploads\/2023\/10\/eduqua-300x200-1.png\" _builder_version=\"4.22.2\" _module_preset=\"default\" title_text=\"eduqua-300x200\" hover_enabled=\"0\" sticky_enabled=\"0\" custom_margin=\"0px|0px|0px|0px|false|false\" custom_padding=\"100px|0px|0px|0px|false|false\" align=\"center\"][\/et_pb_image][\/et_pb_column][et_pb_column _builder_version=\"4.22.2\" _module_preset=\"default\" type=\"1_2\" hover_enabled=\"0\" sticky_enabled=\"0\"][et_pb_text _builder_version=\"4.22.2\" _module_preset=\"default\" header_6_text_color=\"#E85342\" header_6_font=\"|600|||||||\" hover_enabled=\"0\" sticky_enabled=\"0\"]\n<div class=\"special_heading\">\n<h3>EduQua<\/h3>\nEduQua est la Certification Suisse de Qualit\u00e9 pour les institutions de formation continue.\nCe certificat a \u00e9t\u00e9 d\u00e9cern\u00e9 \u00e0 notre \u00e9tablissement pour toutes ses activit\u00e9s de formation continue.\nL\u2019Ecole PEG remplit ainsi tous les crit\u00e8res qualit\u00e9 requis.\n<h3>Notre promesse Qualit\u00e9<\/h3>\nL\u2019Ecole PEG s\u2019est engag\u00e9e depuis de nombreuses ann\u00e9es \u00e0 offrir un enseignement et des conditions d\u2019apprentissage de qualit\u00e9 afin d\u2019assurer \u00e0 ses \u00e9l\u00e8ves le plein succ\u00e8s.\nNous sommes aujourd\u2019hui certifi\u00e9s EduQua et nous mettons tout en \u0153uvre pour toujours am\u00e9liorer la qualit\u00e9 de nos prestations.\nLa certification EduQua est renouvel\u00e9e tous les trois ans avec un audit de contr\u00f4le annuel.\nL\u2019\u00e9tablissement, sa d\u00e9marche qualit\u00e9, la formation continue des intervenants, les m\u00e9thodes d\u2019enseignement et la satisfaction des apprenants sont \u00e9valu\u00e9s de mani\u00e8re tr\u00e8s pointue.\nLe contr\u00f4le annuel d\u2019EduQua est notre promesse que toutes nos prestations sont de qualit\u00e9.\n\n<\/div>\n[\/et_pb_text][\/et_pb_column][\/et_pb_row][\/et_pb_section][et_pb_section fb_built=\"1\" theme_builder_area=\"post_content\" _builder_version=\"4.22.2\" _module_preset=\"default\" title_text=\"course_cat_bg\" background_image=\"https:\/\/ecole-peg.ch\/wp-content\/uploads\/2023\/10\/course_cat_bg.jpg\" use_background_color_gradient=\"on\" background_color_gradient_stops=\"rgba(0,0,0,0.4) 0%|rgba(0,0,0,0.61) 100%\" background_color_gradient_overlays_image=\"on\" hover_enabled=\"0\" sticky_enabled=\"0\"][et_pb_row _builder_version=\"4.22.2\" _module_preset=\"default\" theme_builder_area=\"post_content\"][et_pb_column _builder_version=\"4.22.2\" _module_preset=\"default\" type=\"4_4\" theme_builder_area=\"post_content\"][et_pb_text _builder_version=\"4.22.2\" _module_preset=\"default\" theme_builder_area=\"post_content\" header_2_text_align=\"center\" header_2_text_color=\"#FFFFFF\" header_2_font=\"|600|||||||\" header_2_font_size=\"34px\" hover_enabled=\"0\" sticky_enabled=\"0\"]\n<h2>TOUR VIRTUEL DE L'\u00c9COLE<\/h2>\n[\/et_pb_text][\/et_pb_column][\/et_pb_row][et_pb_row _builder_version=\"4.22.2\" _module_preset=\"default\" theme_builder_area=\"post_content\"][et_pb_column _builder_version=\"4.22.2\" _module_preset=\"default\" type=\"4_4\" theme_builder_area=\"post_content\"][et_pb_code _builder_version=\"4.22.2\" _module_preset=\"default\" theme_builder_area=\"post_content\" hover_enabled=\"0\" sticky_enabled=\"0\"]<iframe style=\"border: 0;\" src=\"https:\/\/www.google.com\/maps\/embed?pb=!1m0!3m2!1sfr!2sch!4v1490784502890!6m8!1m7!1sE67PwL4g79sAAAQvOwGrNw!2m2!1d46.20350216553045!2d6.163141475987914!3f217!4f0!5f0.7820865974627469\" width=\"100%\" height=\"550\" frameborder=\"0\" allowfullscreen=\"allowfullscreen\"><\/iframe>[\/et_pb_code][\/et_pb_column][\/et_pb_row][\/et_pb_section]","_et_gb_content_width":"","footnotes":""},"class_list":["post-29382","page","type-page","status-publish","hentry"],"_links":{"self":[{"href":"https:\/\/ecole-peg.ch\/en\/wp-json\/wp\/v2\/pages\/29382","targetHints":{"allow":["GET"]}}],"collection":[{"href":"https:\/\/ecole-peg.ch\/en\/wp-json\/wp\/v2\/pages"}],"about":[{"href":"https:\/\/ecole-peg.ch\/en\/wp-json\/wp\/v2\/types\/page"}],"author":[{"embeddable":true,"href":"https:\/\/ecole-peg.ch\/en\/wp-json\/wp\/v2\/users\/1"}],"replies":[{"embeddable":true,"href":"https:\/\/ecole-peg.ch\/en\/wp-json\/wp\/v2\/comments?post=29382"}],"version-history":[{"count":1,"href":"https:\/\/ecole-peg.ch\/en\/wp-json\/wp\/v2\/pages\/29382\/revisions"}],"predecessor-version":[{"id":31827,"href":"https:\/\/ecole-peg.ch\/en\/wp-json\/wp\/v2\/pages\/29382\/revisions\/31827"}],"wp:attachment":[{"href":"https:\/\/ecole-peg.ch\/en\/wp-json\/wp\/v2\/media?parent=29382"}],"curies":[{"name":"wp","href":"https:\/\/api.w.org\/{rel}","templated":true}]}}